{"id":191,"date":"2025-10-15T17:07:46","date_gmt":"2025-10-15T15:07:46","guid":{"rendered":"https:\/\/demo.enkeimedia.ch\/sandros-fahrschule\/?page_id=191"},"modified":"2025-11-05T11:29:37","modified_gmt":"2025-11-05T10:29:37","slug":"ueber-mich","status":"publish","type":"page","link":"https:\/\/sandros-fahrschule.ch\/it\/ueber-mich\/","title":{"rendered":"Su di me"},"content":{"rendered":"\t\t<div data-elementor-type=\"wp-page\" data-elementor-id=\"191\" class=\"elementor elementor-191\">\n\t\t\t\t<div class=\"elementor-element elementor-element-d40443b e-flex e-con-boxed e-con e-parent\" data-id=\"d40443b\" data-element_type=\"container\" data-e-type=\"container\" data-settings=\"{&quot;background_background&quot;:&quot;slideshow&quot;,&quot;background_slideshow_gallery&quot;:[{&quot;id&quot;:193,&quot;url&quot;:&quot;https:\\\/\\\/demo.enkeimedia.ch\\\/sandros-fahrschule\\\/wp-content\\\/uploads\\\/2025\\\/10\\\/AdobeStock_318277629-2880w.jpg&quot;}],&quot;background_slideshow_loop&quot;:&quot;yes&quot;,&quot;background_slideshow_slide_duration&quot;:5000,&quot;background_slideshow_slide_transition&quot;:&quot;fade&quot;,&quot;background_slideshow_transition_duration&quot;:500}\">\n\t\t\t\t\t<div class=\"e-con-inner\">\n\t\t<div class=\"elementor-element elementor-element-42c1437 e-con-full e-flex e-con e-child\" data-id=\"42c1437\" data-element_type=\"container\" data-e-type=\"container\">\n\t\t<div class=\"elementor-element elementor-element-99dfe36 e-con-full e-flex e-con e-child\" data-id=\"99dfe36\" data-element_type=\"container\" data-e-type=\"container\">\n\t\t\t\t<div class=\"elementor-element elementor-element-c729ed3 elementor-widget elementor-widget-heading\" data-id=\"c729ed3\" data-element_type=\"widget\" data-e-type=\"widget\" data-widget_type=\"heading.default\">\n\t\t\t\t<div class=\"elementor-widget-container\">\n\t\t\t\t\t<h2 class=\"elementor-heading-title elementor-size-default\">Dein Fahrlehrer von Sargans bis Oberriet und im F\u00fcrstentum Liechtenstein<\/h2>\t\t\t\t<\/div>\n\t\t\t\t<\/div>\n\t\t\t\t<div class=\"elementor-element elementor-element-a61dd4c elementor-widget elementor-widget-heading\" data-id=\"a61dd4c\" data-element_type=\"widget\" data-e-type=\"widget\" data-widget_type=\"heading.default\">\n\t\t\t\t<div class=\"elementor-widget-container\">\n\t\t\t\t\t<h2 class=\"elementor-heading-title elementor-size-default\">Ich bin ein geduldiger, dynamischer Fahrlehrer und erteile Fahrlektionen auf Deutsch, Italienisch oder Englisch.<\/h2>\t\t\t\t<\/div>\n\t\t\t\t<\/div>\n\t\t\t\t<div class=\"elementor-element elementor-element-5f914ca e-transform elementor-widget elementor-widget-jkit_button\" data-id=\"5f914ca\" data-element_type=\"widget\" data-e-type=\"widget\" data-settings=\"{&quot;_transform_translateY_effect_hover&quot;:{&quot;unit&quot;:&quot;px&quot;,&quot;size&quot;:&quot;-5&quot;,&quot;sizes&quot;:[]},&quot;_transform_translateX_effect_hover&quot;:{&quot;unit&quot;:&quot;px&quot;,&quot;size&quot;:&quot;&quot;,&quot;sizes&quot;:[]},&quot;_transform_translateX_effect_hover_tablet&quot;:{&quot;unit&quot;:&quot;px&quot;,&quot;size&quot;:&quot;&quot;,&quot;sizes&quot;:[]},&quot;_transform_translateX_effect_hover_mobile&quot;:{&quot;unit&quot;:&quot;px&quot;,&quot;size&quot;:&quot;&quot;,&quot;sizes&quot;:[]},&quot;_transform_translateY_effect_hover_tablet&quot;:{&quot;unit&quot;:&quot;px&quot;,&quot;size&quot;:&quot;&quot;,&quot;sizes&quot;:[]},&quot;_transform_translateY_effect_hover_mobile&quot;:{&quot;unit&quot;:&quot;px&quot;,&quot;size&quot;:&quot;&quot;,&quot;sizes&quot;:[]}}\" data-widget_type=\"jkit_button.default\">\n\t\t\t\t<div class=\"elementor-widget-container\">\n\t\t\t\t\t<div  class=\"jeg-elementor-kit jkit-button  icon-position-after jeg_module___6a050910c0a66\" ><a href=\"https:\/\/sandros-fahrschule.ch\/kontakt\" class=\"jkit-button-wrapper\">Fahrstunden vereinbaren<svg viewBox=\"0 0 512 512\" xmlns=\"http:\/\/www.w3.org\/2000\/svg\"><path d=\"M256 8c137 0 248 111 248 248S393 504 256 504 8 393 8 256 119 8 256 8zM140 300h116v70.9c0 10.7 13 16.1 20.5 8.5l114.3-114.9c4.7-4.7 4.7-12.2 0-16.9l-114.3-115c-7.6-7.6-20.5-2.2-20.5 8.5V212H140c-6.6 0-12 5.4-12 12v64c0 6.6 5.4 12 12 12z\"><\/path><\/svg><\/a><\/div>\t\t\t\t<\/div>\n\t\t\t\t<\/div>\n\t\t\t\t<\/div>\n\t\t\t\t<\/div>\n\t\t\t\t\t<\/div>\n\t\t\t\t<\/div>\n\t\t<div class=\"elementor-element elementor-element-99a72ce e-flex e-con-boxed e-con e-parent\" data-id=\"99a72ce\" data-element_type=\"container\" data-e-type=\"container\">\n\t\t\t\t\t<div class=\"e-con-inner\">\n\t\t<div class=\"elementor-element elementor-element-f96273a e-con-full e-flex e-con e-child\" data-id=\"f96273a\" data-element_type=\"container\" data-e-type=\"container\">\n\t\t\t\t<div class=\"elementor-element elementor-element-f37fd33 elementor-widget elementor-widget-image\" data-id=\"f37fd33\" data-element_type=\"widget\" data-e-type=\"widget\" data-widget_type=\"image.default\">\n\t\t\t\t<div class=\"elementor-widget-container\">\n\t\t\t\t\t\t\t\t\t\t\t\t\t\t\t<img fetchpriority=\"high\" decoding=\"async\" width=\"293\" height=\"344\" src=\"https:\/\/sandros-fahrschule.ch\/wp-content\/uploads\/2025\/10\/SandrosFahrschule-004_112-1920w.jpg\" class=\"attachment-full size-full wp-image-194\" alt=\"\" srcset=\"https:\/\/sandros-fahrschule.ch\/wp-content\/uploads\/2025\/10\/SandrosFahrschule-004_112-1920w.jpg 293w, https:\/\/sandros-fahrschule.ch\/wp-content\/uploads\/2025\/10\/SandrosFahrschule-004_112-1920w-256x300.jpg 256w, https:\/\/sandros-fahrschule.ch\/wp-content\/uploads\/2025\/10\/SandrosFahrschule-004_112-1920w-10x12.jpg 10w\" sizes=\"(max-width: 293px) 100vw, 293px\" \/>\t\t\t\t\t\t\t\t\t\t\t\t\t\t\t<\/div>\n\t\t\t\t<\/div>\n\t\t\t\t<\/div>\n\t\t<div class=\"elementor-element elementor-element-71a72c0 e-con-full e-flex e-con e-child\" data-id=\"71a72c0\" data-element_type=\"container\" data-e-type=\"container\">\n\t\t\t\t<div class=\"elementor-element elementor-element-0ea4aae elementor-widget elementor-widget-heading\" data-id=\"0ea4aae\" data-element_type=\"widget\" data-e-type=\"widget\" data-widget_type=\"heading.default\">\n\t\t\t\t<div class=\"elementor-widget-container\">\n\t\t\t\t\t<h2 class=\"elementor-heading-title elementor-size-default\">Dein Fahrlehrer<\/h2>\t\t\t\t<\/div>\n\t\t\t\t<\/div>\n\t\t\t\t<div class=\"elementor-element elementor-element-eb0c586 elementor-widget elementor-widget-text-editor\" data-id=\"eb0c586\" data-element_type=\"widget\" data-e-type=\"widget\" data-widget_type=\"text-editor.default\">\n\t\t\t\t<div class=\"elementor-widget-container\">\n\t\t\t\t\t\t\t\t\t<div id=\"1156241430\" class=\"dmNewParagraph u_1156241430\" data-element-type=\"paragraph\" data-version=\"5\"><div id=\"1946944724\" class=\"dmNewParagraph u_1946944724\" data-element-type=\"paragraph\" data-version=\"5\"><p class=\"m-text-align-center\"><strong>Sandro Ceravolo<\/strong><\/p><\/div><div id=\"1022062459\" class=\"dmNewParagraph u_1022062459\" data-element-type=\"paragraph\" data-version=\"5\"><p class=\"m-text-align-center\">Mein Name ist Sandro Ceravolo, ich wohne im Sennwald und bin Fahrlehrer mit eidgen\u00f6ssischem Fachausweis.<\/p><\/div><div id=\"1111816494\" class=\"dmNewParagraph u_1111816494\" data-element-type=\"paragraph\" data-version=\"5\"><p class=\"m-text-align-center\">Mein Einzugsgebiet umfasst die Regionen Rheintal, Werdenberg und Sarganserland sowie das F\u00fcrstentum Liechtenstein.<\/p><\/div><div id=\"1612938264\" class=\"dmNewParagraph u_1612938264\" data-element-type=\"paragraph\" data-version=\"5\"><p class=\"m-text-align-center\">Die Fahrstunden erteile ich neben Deutsch auf Wunsch auch auf Italienisch oder Englisch.<\/p><\/div><\/div>\t\t\t\t\t\t\t\t<\/div>\n\t\t\t\t<\/div>\n\t\t\t\t<\/div>\n\t\t\t\t\t<\/div>\n\t\t\t\t<\/div>\n\t\t<div class=\"elementor-element elementor-element-d635e91 e-flex e-con-boxed e-con e-parent\" data-id=\"d635e91\" data-element_type=\"container\" data-e-type=\"container\" data-settings=\"{&quot;background_background&quot;:&quot;classic&quot;}\">\n\t\t\t\t\t<div class=\"e-con-inner\">\n\t\t<div class=\"elementor-element elementor-element-06be0c7 e-con-full e-flex e-con e-child\" data-id=\"06be0c7\" data-element_type=\"container\" data-e-type=\"container\">\n\t\t\t\t<div class=\"elementor-element elementor-element-b771d39 elementor-widget elementor-widget-heading\" data-id=\"b771d39\" data-element_type=\"widget\" data-e-type=\"widget\" data-widget_type=\"heading.default\">\n\t\t\t\t<div class=\"elementor-widget-container\">\n\t\t\t\t\t<h2 class=\"elementor-heading-title elementor-size-default\">Lern deinen Fahrlehrer kennen und buch deine Fahrstunden.<\/h2>\t\t\t\t<\/div>\n\t\t\t\t<\/div>\n\t\t\t\t<div class=\"elementor-element elementor-element-efa79e6 elementor-widget elementor-widget-text-editor\" data-id=\"efa79e6\" data-element_type=\"widget\" data-e-type=\"widget\" data-widget_type=\"text-editor.default\">\n\t\t\t\t<div class=\"elementor-widget-container\">\n\t\t\t\t\t\t\t\t\t<p>Ich bin \u00fcber WhatsApp, telefonisch, per Mail oder \u00fcbers Kontaktformular f\u00fcr dich da.<\/p>\t\t\t\t\t\t\t\t<\/div>\n\t\t\t\t<\/div>\n\t\t\t\t<div class=\"elementor-element elementor-element-8995b75 e-transform elementor-widget__width-auto elementor-widget elementor-widget-jkit_button\" data-id=\"8995b75\" data-element_type=\"widget\" data-e-type=\"widget\" data-settings=\"{&quot;_transform_translateY_effect_hover&quot;:{&quot;unit&quot;:&quot;px&quot;,&quot;size&quot;:&quot;-5&quot;,&quot;sizes&quot;:[]},&quot;_transform_translateX_effect_hover&quot;:{&quot;unit&quot;:&quot;px&quot;,&quot;size&quot;:&quot;&quot;,&quot;sizes&quot;:[]},&quot;_transform_translateX_effect_hover_tablet&quot;:{&quot;unit&quot;:&quot;px&quot;,&quot;size&quot;:&quot;&quot;,&quot;sizes&quot;:[]},&quot;_transform_translateX_effect_hover_mobile&quot;:{&quot;unit&quot;:&quot;px&quot;,&quot;size&quot;:&quot;&quot;,&quot;sizes&quot;:[]},&quot;_transform_translateY_effect_hover_tablet&quot;:{&quot;unit&quot;:&quot;px&quot;,&quot;size&quot;:&quot;&quot;,&quot;sizes&quot;:[]},&quot;_transform_translateY_effect_hover_mobile&quot;:{&quot;unit&quot;:&quot;px&quot;,&quot;size&quot;:&quot;&quot;,&quot;sizes&quot;:[]}}\" data-widget_type=\"jkit_button.default\">\n\t\t\t\t<div class=\"elementor-widget-container\">\n\t\t\t\t\t<div  class=\"jeg-elementor-kit jkit-button  icon-position-after jeg_module__1_6a050910c73e4\" ><a href=\"https:\/\/sandros-fahrschule.ch\/kontakt\" class=\"jkit-button-wrapper\">Fahrstunden vereinbaren<svg viewBox=\"0 0 512 512\" xmlns=\"http:\/\/www.w3.org\/2000\/svg\"><path d=\"M256 8c137 0 248 111 248 248S393 504 256 504 8 393 8 256 119 8 256 8zM140 300h116v70.9c0 10.7 13 16.1 20.5 8.5l114.3-114.9c4.7-4.7 4.7-12.2 0-16.9l-114.3-115c-7.6-7.6-20.5-2.2-20.5 8.5V212H140c-6.6 0-12 5.4-12 12v64c0 6.6 5.4 12 12 12z\"><\/path><\/svg><\/a><\/div>\t\t\t\t<\/div>\n\t\t\t\t<\/div>\n\t\t\t\t<\/div>\n\t\t\t\t\t<\/div>\n\t\t\t\t<\/div>\n\t\t\t\t<\/div>\n\t\t","protected":false},"excerpt":{"rendered":"<p>Dein Fahrlehrer von Sargans bis Oberriet und im F\u00fcrstentum Liechtenstein Ich bin ein geduldiger, dynamischer Fahrlehrer und erteile Fahrlektionen auf Deutsch, Italienisch oder Englisch. Fahrstunden vereinbaren Dein Fahrlehrer Sandro Ceravolo Mein Name ist Sandro Ceravolo, ich wohne im Sennwald und bin Fahrlehrer mit eidgen\u00f6ssischem Fachausweis. Mein Einzugsgebiet umfasst die Regionen Rheintal, Werdenberg und Sarganserland sowie [&hellip;]<\/p>\n","protected":false},"author":1,"featured_media":0,"parent":0,"menu_order":0,"comment_status":"closed","ping_status":"closed","template":"elementor_header_footer","meta":{"footnotes":""},"class_list":["post-191","page","type-page","status-publish","hentry"],"_links":{"self":[{"href":"https:\/\/sandros-fahrschule.ch\/it\/wp-json\/wp\/v2\/pages\/191","targetHints":{"allow":["GET"]}}],"collection":[{"href":"https:\/\/sandros-fahrschule.ch\/it\/wp-json\/wp\/v2\/pages"}],"about":[{"href":"https:\/\/sandros-fahrschule.ch\/it\/wp-json\/wp\/v2\/types\/page"}],"author":[{"embeddable":true,"href":"https:\/\/sandros-fahrschule.ch\/it\/wp-json\/wp\/v2\/users\/1"}],"replies":[{"embeddable":true,"href":"https:\/\/sandros-fahrschule.ch\/it\/wp-json\/wp\/v2\/comments?post=191"}],"version-history":[{"count":10,"href":"https:\/\/sandros-fahrschule.ch\/it\/wp-json\/wp\/v2\/pages\/191\/revisions"}],"predecessor-version":[{"id":322,"href":"https:\/\/sandros-fahrschule.ch\/it\/wp-json\/wp\/v2\/pages\/191\/revisions\/322"}],"wp:attachment":[{"href":"https:\/\/sandros-fahrschule.ch\/it\/wp-json\/wp\/v2\/media?parent=191"}],"curies":[{"name":"wp","href":"https:\/\/api.w.org\/{rel}","templated":true}]}}