{"id":198,"date":"2025-10-15T17:14:23","date_gmt":"2025-10-15T15:14:23","guid":{"rendered":"https:\/\/demo.enkeimedia.ch\/sandros-fahrschule\/?page_id=198"},"modified":"2025-11-05T11:30:19","modified_gmt":"2025-11-05T10:30:19","slug":"galerie","status":"publish","type":"page","link":"https:\/\/sandros-fahrschule.ch\/it\/galerie\/","title":{"rendered":"galleria"},"content":{"rendered":"\t\t<div data-elementor-type=\"wp-page\" data-elementor-id=\"198\" class=\"elementor elementor-198\">\n\t\t\t\t<div class=\"elementor-element elementor-element-d40443b e-flex e-con-boxed e-con e-parent\" data-id=\"d40443b\" data-element_type=\"container\" data-e-type=\"container\" data-settings=\"{&quot;background_background&quot;:&quot;slideshow&quot;,&quot;background_slideshow_gallery&quot;:[{&quot;id&quot;:204,&quot;url&quot;:&quot;https:\\\/\\\/demo.enkeimedia.ch\\\/sandros-fahrschule\\\/wp-content\\\/uploads\\\/2025\\\/10\\\/AdobeStock_366010270-2880w.jpg&quot;}],&quot;background_slideshow_loop&quot;:&quot;yes&quot;,&quot;background_slideshow_slide_duration&quot;:5000,&quot;background_slideshow_slide_transition&quot;:&quot;fade&quot;,&quot;background_slideshow_transition_duration&quot;:500}\">\n\t\t\t\t\t<div class=\"e-con-inner\">\n\t\t<div class=\"elementor-element elementor-element-42c1437 e-con-full e-flex e-con e-child\" data-id=\"42c1437\" data-element_type=\"container\" data-e-type=\"container\">\n\t\t<div class=\"elementor-element elementor-element-99dfe36 e-con-full e-flex e-con e-child\" data-id=\"99dfe36\" data-element_type=\"container\" data-e-type=\"container\">\n\t\t\t\t<div class=\"elementor-element elementor-element-c729ed3 elementor-widget elementor-widget-heading\" data-id=\"c729ed3\" data-element_type=\"widget\" data-e-type=\"widget\" data-widget_type=\"heading.default\">\n\t\t\t\t<div class=\"elementor-widget-container\">\n\t\t\t\t\t<h2 class=\"elementor-heading-title elementor-size-default\">Galerie Sandros Fahrschule<\/h2>\t\t\t\t<\/div>\n\t\t\t\t<\/div>\n\t\t\t\t<div class=\"elementor-element elementor-element-a61dd4c elementor-widget elementor-widget-heading\" data-id=\"a61dd4c\" data-element_type=\"widget\" data-e-type=\"widget\" data-widget_type=\"heading.default\">\n\t\t\t\t<div class=\"elementor-widget-container\">\n\t\t\t\t\t<h2 class=\"elementor-heading-title elementor-size-default\">Bei Fragen, Anregungen oder Buchungsw\u00fcnschen kontaktiere mich gerne.<\/h2>\t\t\t\t<\/div>\n\t\t\t\t<\/div>\n\t\t\t\t<div class=\"elementor-element elementor-element-5f914ca e-transform elementor-widget elementor-widget-jkit_button\" data-id=\"5f914ca\" data-element_type=\"widget\" data-e-type=\"widget\" data-settings=\"{&quot;_transform_translateY_effect_hover&quot;:{&quot;unit&quot;:&quot;px&quot;,&quot;size&quot;:&quot;-5&quot;,&quot;sizes&quot;:[]},&quot;_transform_translateX_effect_hover&quot;:{&quot;unit&quot;:&quot;px&quot;,&quot;size&quot;:&quot;&quot;,&quot;sizes&quot;:[]},&quot;_transform_translateX_effect_hover_tablet&quot;:{&quot;unit&quot;:&quot;px&quot;,&quot;size&quot;:&quot;&quot;,&quot;sizes&quot;:[]},&quot;_transform_translateX_effect_hover_mobile&quot;:{&quot;unit&quot;:&quot;px&quot;,&quot;size&quot;:&quot;&quot;,&quot;sizes&quot;:[]},&quot;_transform_translateY_effect_hover_tablet&quot;:{&quot;unit&quot;:&quot;px&quot;,&quot;size&quot;:&quot;&quot;,&quot;sizes&quot;:[]},&quot;_transform_translateY_effect_hover_mobile&quot;:{&quot;unit&quot;:&quot;px&quot;,&quot;size&quot;:&quot;&quot;,&quot;sizes&quot;:[]}}\" data-widget_type=\"jkit_button.default\">\n\t\t\t\t<div class=\"elementor-widget-container\">\n\t\t\t\t\t<div  class=\"jeg-elementor-kit jkit-button  icon-position-after jeg_module___6a050aa218a2a\" ><a href=\"https:\/\/sandros-fahrschule.ch\/kontakt\" class=\"jkit-button-wrapper\">Zum Kontakt<svg viewBox=\"0 0 512 512\" xmlns=\"http:\/\/www.w3.org\/2000\/svg\"><path d=\"M256 8c137 0 248 111 248 248S393 504 256 504 8 393 8 256 119 8 256 8zM140 300h116v70.9c0 10.7 13 16.1 20.5 8.5l114.3-114.9c4.7-4.7 4.7-12.2 0-16.9l-114.3-115c-7.6-7.6-20.5-2.2-20.5 8.5V212H140c-6.6 0-12 5.4-12 12v64c0 6.6 5.4 12 12 12z\"><\/path><\/svg><\/a><\/div>\t\t\t\t<\/div>\n\t\t\t\t<\/div>\n\t\t\t\t<\/div>\n\t\t\t\t<\/div>\n\t\t\t\t\t<\/div>\n\t\t\t\t<\/div>\n\t\t<div class=\"elementor-element elementor-element-ee7d2b3 e-flex e-con-boxed e-con e-parent\" data-id=\"ee7d2b3\" data-element_type=\"container\" data-e-type=\"container\">\n\t\t\t\t\t<div class=\"e-con-inner\">\n\t\t\t\t<div class=\"elementor-element elementor-element-c3be5aa elementor-widget elementor-widget-heading\" data-id=\"c3be5aa\" data-element_type=\"widget\" data-e-type=\"widget\" data-widget_type=\"heading.default\">\n\t\t\t\t<div class=\"elementor-widget-container\">\n\t\t\t\t\t<h2 class=\"elementor-heading-title elementor-size-default\">Sandros Fahrschule in Bildern<\/h2>\t\t\t\t<\/div>\n\t\t\t\t<\/div>\n\t\t\t\t\t<\/div>\n\t\t\t\t<\/div>\n\t\t<div class=\"elementor-element elementor-element-f2d2654 e-flex e-con-boxed e-con e-parent\" data-id=\"f2d2654\" data-element_type=\"container\" data-e-type=\"container\">\n\t\t\t\t\t<div class=\"e-con-inner\">\n\t\t\t\t<div class=\"elementor-element elementor-element-99c51ba elementor-widget elementor-widget-jkit_gallery\" data-id=\"99c51ba\" data-element_type=\"widget\" data-e-type=\"widget\" data-widget_type=\"jkit_gallery.default\">\n\t\t\t\t<div class=\"elementor-widget-container\">\n\t\t\t\t\t<div  class=\"jeg-elementor-kit jkit-gallery layout-overlay jeg_module__1_6a050aa22a77c\"  data-grid=\"grid\" data-id=\"jeg_module__1_6a050aa22a77c\" data-per-page=\"4\" data-load-more=\"0\" data-current-loaded=\"4\" data-count-items=\"4\" data-animation-duration=\"500\" data-no-more=\"No More Item\" data-items=\"[&quot;&lt;div class=\\&quot;gallery-item-wrap \\&quot;&gt; &lt;div class=\\&quot;grid-item\\&quot;&gt;&lt;div class=\\&quot;thumbnail-wrap\\&quot;&gt;&lt;img width=\\&quot;800\\&quot; height=\\&quot;534\\&quot; src=\\&quot;https:\\\/\\\/sandros-fahrschule.ch\\\/wp-content\\\/uploads\\\/2025\\\/10\\\/SandrosFahrschule-0021-1920w.jpg\\&quot; class=\\&quot;attachment-large size-large\\&quot; alt=\\&quot;\\&quot; url=\\&quot;https:\\\/\\\/demo.enkeimedia.ch\\\/sandros-fahrschule\\\/wp-content\\\/uploads\\\/2025\\\/10\\\/SandrosFahrschule-0021-1920w.jpg\\&quot; source=\\&quot;library\\&quot; srcset=\\&quot;https:\\\/\\\/sandros-fahrschule.ch\\\/wp-content\\\/uploads\\\/2025\\\/10\\\/SandrosFahrschule-0021-1920w.jpg 960w, https:\\\/\\\/sandros-fahrschule.ch\\\/wp-content\\\/uploads\\\/2025\\\/10\\\/SandrosFahrschule-0021-1920w-300x200.jpg 300w, https:\\\/\\\/sandros-fahrschule.ch\\\/wp-content\\\/uploads\\\/2025\\\/10\\\/SandrosFahrschule-0021-1920w-768x513.jpg 768w, https:\\\/\\\/sandros-fahrschule.ch\\\/wp-content\\\/uploads\\\/2025\\\/10\\\/SandrosFahrschule-0021-1920w-18x12.jpg 18w\\&quot; sizes=\\&quot;(max-width: 800px) 100vw, 800px\\&quot; \\\/&gt;&lt;\\\/div&gt;&lt;a href=\\&quot;https:\\\/\\\/demo.enkeimedia.ch\\\/sandros-fahrschule\\\/wp-content\\\/uploads\\\/2025\\\/10\\\/SandrosFahrschule-0021-1920w.jpg\\&quot; class=\\&quot;gallery-link\\&quot; data-elementor-open-lightbox=\\&quot;yes\\&quot; data-elementor-lightbox-slideshow=\\&quot;jkit_gallery_lightbox_jeg_module__1_6a050aa22a77c\\&quot;&gt;&lt;div class=\\&quot;caption-wrap style-overlay overlay-overlay\\&quot;&gt; &lt;div class=\\&quot;item-hover-bg\\&quot;&gt;&lt;\\\/div&gt; &lt;div class=\\&quot;item-caption-over\\&quot;&gt; &lt;h5 class=\\&quot;item-title\\&quot;&gt;&lt;\\\/h5&gt; &lt;div class=\\&quot;item-content\\&quot;&gt;&lt;\\\/div&gt; &lt;\\\/div&gt; &lt;div class=\\&quot;caption-head\\&quot;&gt;&lt;\\\/div&gt; &lt;div class=\\&quot;caption-category\\&quot;&gt;&lt;\\\/div&gt; &lt;\\\/div&gt;&lt;\\\/a&gt;&lt;\\\/div&gt; &lt;\\\/div&gt;&quot;,&quot;&lt;div class=\\&quot;gallery-item-wrap \\&quot;&gt; &lt;div class=\\&quot;grid-item\\&quot;&gt;&lt;div class=\\&quot;thumbnail-wrap\\&quot;&gt;&lt;img width=\\&quot;800\\&quot; height=\\&quot;534\\&quot; src=\\&quot;https:\\\/\\\/sandros-fahrschule.ch\\\/wp-content\\\/uploads\\\/2025\\\/10\\\/SandrosFahrschule-0031-1920w.jpg\\&quot; class=\\&quot;attachment-large size-large\\&quot; alt=\\&quot;\\&quot; url=\\&quot;https:\\\/\\\/demo.enkeimedia.ch\\\/sandros-fahrschule\\\/wp-content\\\/uploads\\\/2025\\\/10\\\/SandrosFahrschule-0031-1920w.jpg\\&quot; source=\\&quot;library\\&quot; srcset=\\&quot;https:\\\/\\\/sandros-fahrschule.ch\\\/wp-content\\\/uploads\\\/2025\\\/10\\\/SandrosFahrschule-0031-1920w.jpg 960w, https:\\\/\\\/sandros-fahrschule.ch\\\/wp-content\\\/uploads\\\/2025\\\/10\\\/SandrosFahrschule-0031-1920w-300x200.jpg 300w, https:\\\/\\\/sandros-fahrschule.ch\\\/wp-content\\\/uploads\\\/2025\\\/10\\\/SandrosFahrschule-0031-1920w-768x513.jpg 768w, https:\\\/\\\/sandros-fahrschule.ch\\\/wp-content\\\/uploads\\\/2025\\\/10\\\/SandrosFahrschule-0031-1920w-18x12.jpg 18w\\&quot; sizes=\\&quot;(max-width: 800px) 100vw, 800px\\&quot; \\\/&gt;&lt;\\\/div&gt;&lt;a href=\\&quot;https:\\\/\\\/demo.enkeimedia.ch\\\/sandros-fahrschule\\\/wp-content\\\/uploads\\\/2025\\\/10\\\/SandrosFahrschule-0031-1920w.jpg\\&quot; class=\\&quot;gallery-link\\&quot; data-elementor-open-lightbox=\\&quot;yes\\&quot; data-elementor-lightbox-slideshow=\\&quot;jkit_gallery_lightbox_jeg_module__1_6a050aa22a77c\\&quot;&gt;&lt;div class=\\&quot;caption-wrap style-overlay overlay-overlay\\&quot;&gt; &lt;div class=\\&quot;item-hover-bg\\&quot;&gt;&lt;\\\/div&gt; &lt;div class=\\&quot;item-caption-over\\&quot;&gt; &lt;h5 class=\\&quot;item-title\\&quot;&gt;&lt;\\\/h5&gt; &lt;div class=\\&quot;item-content\\&quot;&gt;&lt;\\\/div&gt; &lt;\\\/div&gt; &lt;div class=\\&quot;caption-head\\&quot;&gt;&lt;\\\/div&gt; &lt;div class=\\&quot;caption-category\\&quot;&gt;&lt;\\\/div&gt; &lt;\\\/div&gt;&lt;\\\/a&gt;&lt;\\\/div&gt; &lt;\\\/div&gt;&quot;,&quot;&lt;div class=\\&quot;gallery-item-wrap \\&quot;&gt; &lt;div class=\\&quot;grid-item\\&quot;&gt;&lt;div class=\\&quot;thumbnail-wrap\\&quot;&gt;&lt;img width=\\&quot;768\\&quot; height=\\&quot;1024\\&quot; src=\\&quot;https:\\\/\\\/sandros-fahrschule.ch\\\/wp-content\\\/uploads\\\/2025\\\/10\\\/SandrosFahrschule-004-1920w-768x1024.jpg\\&quot; class=\\&quot;attachment-large size-large\\&quot; alt=\\&quot;\\&quot; url=\\&quot;https:\\\/\\\/demo.enkeimedia.ch\\\/sandros-fahrschule\\\/wp-content\\\/uploads\\\/2025\\\/10\\\/SandrosFahrschule-004-1920w.jpg\\&quot; source=\\&quot;library\\&quot; srcset=\\&quot;https:\\\/\\\/sandros-fahrschule.ch\\\/wp-content\\\/uploads\\\/2025\\\/10\\\/SandrosFahrschule-004-1920w-768x1024.jpg 768w, https:\\\/\\\/sandros-fahrschule.ch\\\/wp-content\\\/uploads\\\/2025\\\/10\\\/SandrosFahrschule-004-1920w-225x300.jpg 225w, https:\\\/\\\/sandros-fahrschule.ch\\\/wp-content\\\/uploads\\\/2025\\\/10\\\/SandrosFahrschule-004-1920w-9x12.jpg 9w, https:\\\/\\\/sandros-fahrschule.ch\\\/wp-content\\\/uploads\\\/2025\\\/10\\\/SandrosFahrschule-004-1920w.jpg 960w\\&quot; sizes=\\&quot;(max-width: 768px) 100vw, 768px\\&quot; \\\/&gt;&lt;\\\/div&gt;&lt;a href=\\&quot;https:\\\/\\\/demo.enkeimedia.ch\\\/sandros-fahrschule\\\/wp-content\\\/uploads\\\/2025\\\/10\\\/SandrosFahrschule-004-1920w.jpg\\&quot; class=\\&quot;gallery-link\\&quot; data-elementor-open-lightbox=\\&quot;yes\\&quot; data-elementor-lightbox-slideshow=\\&quot;jkit_gallery_lightbox_jeg_module__1_6a050aa22a77c\\&quot;&gt;&lt;div class=\\&quot;caption-wrap style-overlay overlay-overlay\\&quot;&gt; &lt;div class=\\&quot;item-hover-bg\\&quot;&gt;&lt;\\\/div&gt; &lt;div class=\\&quot;item-caption-over\\&quot;&gt; &lt;h5 class=\\&quot;item-title\\&quot;&gt;&lt;\\\/h5&gt; &lt;div class=\\&quot;item-content\\&quot;&gt;&lt;\\\/div&gt; &lt;\\\/div&gt; &lt;div class=\\&quot;caption-head\\&quot;&gt;&lt;\\\/div&gt; &lt;div class=\\&quot;caption-category\\&quot;&gt;&lt;\\\/div&gt; &lt;\\\/div&gt;&lt;\\\/a&gt;&lt;\\\/div&gt; &lt;\\\/div&gt;&quot;,&quot;&lt;div class=\\&quot;gallery-item-wrap \\&quot;&gt; &lt;div class=\\&quot;grid-item\\&quot;&gt;&lt;div class=\\&quot;thumbnail-wrap\\&quot;&gt;&lt;img width=\\&quot;800\\&quot; height=\\&quot;534\\&quot; src=\\&quot;https:\\\/\\\/sandros-fahrschule.ch\\\/wp-content\\\/uploads\\\/2025\\\/10\\\/SandrosFahrschule-0051-1920w.jpg\\&quot; class=\\&quot;attachment-large size-large\\&quot; alt=\\&quot;\\&quot; url=\\&quot;https:\\\/\\\/demo.enkeimedia.ch\\\/sandros-fahrschule\\\/wp-content\\\/uploads\\\/2025\\\/10\\\/SandrosFahrschule-0051-1920w.jpg\\&quot; source=\\&quot;library\\&quot; srcset=\\&quot;https:\\\/\\\/sandros-fahrschule.ch\\\/wp-content\\\/uploads\\\/2025\\\/10\\\/SandrosFahrschule-0051-1920w.jpg 960w, https:\\\/\\\/sandros-fahrschule.ch\\\/wp-content\\\/uploads\\\/2025\\\/10\\\/SandrosFahrschule-0051-1920w-300x200.jpg 300w, https:\\\/\\\/sandros-fahrschule.ch\\\/wp-content\\\/uploads\\\/2025\\\/10\\\/SandrosFahrschule-0051-1920w-768x513.jpg 768w, https:\\\/\\\/sandros-fahrschule.ch\\\/wp-content\\\/uploads\\\/2025\\\/10\\\/SandrosFahrschule-0051-1920w-18x12.jpg 18w\\&quot; sizes=\\&quot;(max-width: 800px) 100vw, 800px\\&quot; \\\/&gt;&lt;\\\/div&gt;&lt;a href=\\&quot;https:\\\/\\\/demo.enkeimedia.ch\\\/sandros-fahrschule\\\/wp-content\\\/uploads\\\/2025\\\/10\\\/SandrosFahrschule-0051-1920w.jpg\\&quot; class=\\&quot;gallery-link\\&quot; data-elementor-open-lightbox=\\&quot;yes\\&quot; data-elementor-lightbox-slideshow=\\&quot;jkit_gallery_lightbox_jeg_module__1_6a050aa22a77c\\&quot;&gt;&lt;div class=\\&quot;caption-wrap style-overlay overlay-overlay\\&quot;&gt; &lt;div class=\\&quot;item-hover-bg\\&quot;&gt;&lt;\\\/div&gt; &lt;div class=\\&quot;item-caption-over\\&quot;&gt; &lt;h5 class=\\&quot;item-title\\&quot;&gt;&lt;\\\/h5&gt; &lt;div class=\\&quot;item-content\\&quot;&gt;&lt;\\\/div&gt; &lt;\\\/div&gt; &lt;div class=\\&quot;caption-head\\&quot;&gt;&lt;\\\/div&gt; &lt;div class=\\&quot;caption-category\\&quot;&gt;&lt;\\\/div&gt; &lt;\\\/div&gt;&lt;\\\/a&gt;&lt;\\\/div&gt; &lt;\\\/div&gt;&quot;]\">\n            <div class=\"gallery-items\"><div class=\"gallery-item-wrap \"> <div class=\"grid-item\"><div class=\"thumbnail-wrap\"><img fetchpriority=\"high\" decoding=\"async\" width=\"800\" height=\"534\" src=\"https:\/\/sandros-fahrschule.ch\/wp-content\/uploads\/2025\/10\/SandrosFahrschule-0021-1920w.jpg\" class=\"attachment-large size-large\" alt=\"\" url=\"https:\/\/demo.enkeimedia.ch\/sandros-fahrschule\/wp-content\/uploads\/2025\/10\/SandrosFahrschule-0021-1920w.jpg\" source=\"library\" srcset=\"https:\/\/sandros-fahrschule.ch\/wp-content\/uploads\/2025\/10\/SandrosFahrschule-0021-1920w.jpg 960w, https:\/\/sandros-fahrschule.ch\/wp-content\/uploads\/2025\/10\/SandrosFahrschule-0021-1920w-300x200.jpg 300w, https:\/\/sandros-fahrschule.ch\/wp-content\/uploads\/2025\/10\/SandrosFahrschule-0021-1920w-768x513.jpg 768w, https:\/\/sandros-fahrschule.ch\/wp-content\/uploads\/2025\/10\/SandrosFahrschule-0021-1920w-18x12.jpg 18w\" sizes=\"(max-width: 800px) 100vw, 800px\" \/><\/div><a href=\"https:\/\/demo.enkeimedia.ch\/sandros-fahrschule\/wp-content\/uploads\/2025\/10\/SandrosFahrschule-0021-1920w.jpg\" class=\"gallery-link\" data-elementor-open-lightbox=\"yes\" data-elementor-lightbox-slideshow=\"jkit_gallery_lightbox_jeg_module__1_6a050aa22a77c\"><div class=\"caption-wrap style-overlay overlay-overlay\"> <div class=\"item-hover-bg\"><\/div> <div class=\"item-caption-over\"> <h5 class=\"item-title\"><\/h5> <div class=\"item-content\"><\/div> <\/div> <div class=\"caption-head\"><\/div> <div class=\"caption-category\"><\/div> <\/div><\/a><\/div> <\/div><div class=\"gallery-item-wrap \"> <div class=\"grid-item\"><div class=\"thumbnail-wrap\"><img decoding=\"async\" width=\"800\" height=\"534\" src=\"https:\/\/sandros-fahrschule.ch\/wp-content\/uploads\/2025\/10\/SandrosFahrschule-0031-1920w.jpg\" class=\"attachment-large size-large\" alt=\"\" url=\"https:\/\/demo.enkeimedia.ch\/sandros-fahrschule\/wp-content\/uploads\/2025\/10\/SandrosFahrschule-0031-1920w.jpg\" source=\"library\" srcset=\"https:\/\/sandros-fahrschule.ch\/wp-content\/uploads\/2025\/10\/SandrosFahrschule-0031-1920w.jpg 960w, https:\/\/sandros-fahrschule.ch\/wp-content\/uploads\/2025\/10\/SandrosFahrschule-0031-1920w-300x200.jpg 300w, https:\/\/sandros-fahrschule.ch\/wp-content\/uploads\/2025\/10\/SandrosFahrschule-0031-1920w-768x513.jpg 768w, https:\/\/sandros-fahrschule.ch\/wp-content\/uploads\/2025\/10\/SandrosFahrschule-0031-1920w-18x12.jpg 18w\" sizes=\"(max-width: 800px) 100vw, 800px\" \/><\/div><a href=\"https:\/\/demo.enkeimedia.ch\/sandros-fahrschule\/wp-content\/uploads\/2025\/10\/SandrosFahrschule-0031-1920w.jpg\" class=\"gallery-link\" data-elementor-open-lightbox=\"yes\" data-elementor-lightbox-slideshow=\"jkit_gallery_lightbox_jeg_module__1_6a050aa22a77c\"><div class=\"caption-wrap style-overlay overlay-overlay\"> <div class=\"item-hover-bg\"><\/div> <div class=\"item-caption-over\"> <h5 class=\"item-title\"><\/h5> <div class=\"item-content\"><\/div> <\/div> <div class=\"caption-head\"><\/div> <div class=\"caption-category\"><\/div> <\/div><\/a><\/div> <\/div><div class=\"gallery-item-wrap \"> <div class=\"grid-item\"><div class=\"thumbnail-wrap\"><img decoding=\"async\" width=\"768\" height=\"1024\" src=\"https:\/\/sandros-fahrschule.ch\/wp-content\/uploads\/2025\/10\/SandrosFahrschule-004-1920w-768x1024.jpg\" class=\"attachment-large size-large\" alt=\"\" url=\"https:\/\/demo.enkeimedia.ch\/sandros-fahrschule\/wp-content\/uploads\/2025\/10\/SandrosFahrschule-004-1920w.jpg\" source=\"library\" srcset=\"https:\/\/sandros-fahrschule.ch\/wp-content\/uploads\/2025\/10\/SandrosFahrschule-004-1920w-768x1024.jpg 768w, https:\/\/sandros-fahrschule.ch\/wp-content\/uploads\/2025\/10\/SandrosFahrschule-004-1920w-225x300.jpg 225w, https:\/\/sandros-fahrschule.ch\/wp-content\/uploads\/2025\/10\/SandrosFahrschule-004-1920w-9x12.jpg 9w, https:\/\/sandros-fahrschule.ch\/wp-content\/uploads\/2025\/10\/SandrosFahrschule-004-1920w.jpg 960w\" sizes=\"(max-width: 768px) 100vw, 768px\" \/><\/div><a href=\"https:\/\/demo.enkeimedia.ch\/sandros-fahrschule\/wp-content\/uploads\/2025\/10\/SandrosFahrschule-004-1920w.jpg\" class=\"gallery-link\" data-elementor-open-lightbox=\"yes\" data-elementor-lightbox-slideshow=\"jkit_gallery_lightbox_jeg_module__1_6a050aa22a77c\"><div class=\"caption-wrap style-overlay overlay-overlay\"> <div class=\"item-hover-bg\"><\/div> <div class=\"item-caption-over\"> <h5 class=\"item-title\"><\/h5> <div class=\"item-content\"><\/div> <\/div> <div class=\"caption-head\"><\/div> <div class=\"caption-category\"><\/div> <\/div><\/a><\/div> <\/div><div class=\"gallery-item-wrap \"> <div class=\"grid-item\"><div class=\"thumbnail-wrap\"><img loading=\"lazy\" decoding=\"async\" width=\"800\" height=\"534\" src=\"https:\/\/sandros-fahrschule.ch\/wp-content\/uploads\/2025\/10\/SandrosFahrschule-0051-1920w.jpg\" class=\"attachment-large size-large\" alt=\"\" url=\"https:\/\/demo.enkeimedia.ch\/sandros-fahrschule\/wp-content\/uploads\/2025\/10\/SandrosFahrschule-0051-1920w.jpg\" source=\"library\" srcset=\"https:\/\/sandros-fahrschule.ch\/wp-content\/uploads\/2025\/10\/SandrosFahrschule-0051-1920w.jpg 960w, https:\/\/sandros-fahrschule.ch\/wp-content\/uploads\/2025\/10\/SandrosFahrschule-0051-1920w-300x200.jpg 300w, https:\/\/sandros-fahrschule.ch\/wp-content\/uploads\/2025\/10\/SandrosFahrschule-0051-1920w-768x513.jpg 768w, https:\/\/sandros-fahrschule.ch\/wp-content\/uploads\/2025\/10\/SandrosFahrschule-0051-1920w-18x12.jpg 18w\" sizes=\"(max-width: 800px) 100vw, 800px\" \/><\/div><a href=\"https:\/\/demo.enkeimedia.ch\/sandros-fahrschule\/wp-content\/uploads\/2025\/10\/SandrosFahrschule-0051-1920w.jpg\" class=\"gallery-link\" data-elementor-open-lightbox=\"yes\" data-elementor-lightbox-slideshow=\"jkit_gallery_lightbox_jeg_module__1_6a050aa22a77c\"><div class=\"caption-wrap style-overlay overlay-overlay\"> <div class=\"item-hover-bg\"><\/div> <div class=\"item-caption-over\"> <h5 class=\"item-title\"><\/h5> <div class=\"item-content\"><\/div> <\/div> <div class=\"caption-head\"><\/div> <div class=\"caption-category\"><\/div> <\/div><\/a><\/div> <\/div><\/div>\n            <div class=\"load-more-items\"><\/div><\/div>\t\t\t\t<\/div>\n\t\t\t\t<\/div>\n\t\t\t\t\t<\/div>\n\t\t\t\t<\/div>\n\t\t<div class=\"elementor-element elementor-element-d635e91 e-flex e-con-boxed e-con e-parent\" data-id=\"d635e91\" data-element_type=\"container\" data-e-type=\"container\" data-settings=\"{&quot;background_background&quot;:&quot;classic&quot;}\">\n\t\t\t\t\t<div class=\"e-con-inner\">\n\t\t<div class=\"elementor-element elementor-element-06be0c7 e-con-full e-flex e-con e-child\" data-id=\"06be0c7\" data-element_type=\"container\" data-e-type=\"container\">\n\t\t\t\t<div class=\"elementor-element elementor-element-b771d39 elementor-widget elementor-widget-heading\" data-id=\"b771d39\" data-element_type=\"widget\" data-e-type=\"widget\" data-widget_type=\"heading.default\">\n\t\t\t\t<div class=\"elementor-widget-container\">\n\t\t\t\t\t<h2 class=\"elementor-heading-title elementor-size-default\">Hast du einen Favoriten unter meinen Fahrschulautos? Buch jetzt deine Fahrstunden!<\/h2>\t\t\t\t<\/div>\n\t\t\t\t<\/div>\n\t\t\t\t<div class=\"elementor-element elementor-element-efa79e6 elementor-widget elementor-widget-text-editor\" data-id=\"efa79e6\" data-element_type=\"widget\" data-e-type=\"widget\" data-widget_type=\"text-editor.default\">\n\t\t\t\t<div class=\"elementor-widget-container\">\n\t\t\t\t\t\t\t\t\t<p>Ich bin \u00fcber WhatsApp, telefonisch, per Mail oder \u00fcbers Kontaktformular f\u00fcr dich da.<\/p>\t\t\t\t\t\t\t\t<\/div>\n\t\t\t\t<\/div>\n\t\t\t\t<div class=\"elementor-element elementor-element-8995b75 e-transform elementor-widget__width-auto elementor-widget elementor-widget-jkit_button\" data-id=\"8995b75\" data-element_type=\"widget\" data-e-type=\"widget\" data-settings=\"{&quot;_transform_translateY_effect_hover&quot;:{&quot;unit&quot;:&quot;px&quot;,&quot;size&quot;:&quot;-5&quot;,&quot;sizes&quot;:[]},&quot;_transform_translateX_effect_hover&quot;:{&quot;unit&quot;:&quot;px&quot;,&quot;size&quot;:&quot;&quot;,&quot;sizes&quot;:[]},&quot;_transform_translateX_effect_hover_tablet&quot;:{&quot;unit&quot;:&quot;px&quot;,&quot;size&quot;:&quot;&quot;,&quot;sizes&quot;:[]},&quot;_transform_translateX_effect_hover_mobile&quot;:{&quot;unit&quot;:&quot;px&quot;,&quot;size&quot;:&quot;&quot;,&quot;sizes&quot;:[]},&quot;_transform_translateY_effect_hover_tablet&quot;:{&quot;unit&quot;:&quot;px&quot;,&quot;size&quot;:&quot;&quot;,&quot;sizes&quot;:[]},&quot;_transform_translateY_effect_hover_mobile&quot;:{&quot;unit&quot;:&quot;px&quot;,&quot;size&quot;:&quot;&quot;,&quot;sizes&quot;:[]}}\" data-widget_type=\"jkit_button.default\">\n\t\t\t\t<div class=\"elementor-widget-container\">\n\t\t\t\t\t<div  class=\"jeg-elementor-kit jkit-button  icon-position-after jeg_module__2_6a050aa2338ca\" ><a href=\"https:\/\/sandros-fahrschule.ch\/kontakt\" class=\"jkit-button-wrapper\">Zur Fahrerlaubnis<svg viewBox=\"0 0 512 512\" xmlns=\"http:\/\/www.w3.org\/2000\/svg\"><path d=\"M256 8c137 0 248 111 248 248S393 504 256 504 8 393 8 256 119 8 256 8zM140 300h116v70.9c0 10.7 13 16.1 20.5 8.5l114.3-114.9c4.7-4.7 4.7-12.2 0-16.9l-114.3-115c-7.6-7.6-20.5-2.2-20.5 8.5V212H140c-6.6 0-12 5.4-12 12v64c0 6.6 5.4 12 12 12z\"><\/path><\/svg><\/a><\/div>\t\t\t\t<\/div>\n\t\t\t\t<\/div>\n\t\t\t\t<\/div>\n\t\t\t\t\t<\/div>\n\t\t\t\t<\/div>\n\t\t\t\t<\/div>\n\t\t","protected":false},"excerpt":{"rendered":"<p>Galerie Sandros Fahrschule Bei Fragen, Anregungen oder Buchungsw\u00fcnschen kontaktiere mich gerne. Zum Kontakt Sandros Fahrschule in Bildern Hast du einen Favoriten unter meinen Fahrschulautos? Buch jetzt deine Fahrstunden! Ich bin \u00fcber WhatsApp, telefonisch, per Mail oder \u00fcbers Kontaktformular f\u00fcr dich da. Zur Fahrerlaubnis<\/p>","protected":false},"author":1,"featured_media":0,"parent":0,"menu_order":0,"comment_status":"closed","ping_status":"closed","template":"elementor_header_footer","meta":{"footnotes":""},"class_list":["post-198","page","type-page","status-publish","hentry"],"_links":{"self":[{"href":"https:\/\/sandros-fahrschule.ch\/it\/wp-json\/wp\/v2\/pages\/198","targetHints":{"allow":["GET"]}}],"collection":[{"href":"https:\/\/sandros-fahrschule.ch\/it\/wp-json\/wp\/v2\/pages"}],"about":[{"href":"https:\/\/sandros-fahrschule.ch\/it\/wp-json\/wp\/v2\/types\/page"}],"author":[{"embeddable":true,"href":"https:\/\/sandros-fahrschule.ch\/it\/wp-json\/wp\/v2\/users\/1"}],"replies":[{"embeddable":true,"href":"https:\/\/sandros-fahrschule.ch\/it\/wp-json\/wp\/v2\/comments?post=198"}],"version-history":[{"count":10,"href":"https:\/\/sandros-fahrschule.ch\/it\/wp-json\/wp\/v2\/pages\/198\/revisions"}],"predecessor-version":[{"id":328,"href":"https:\/\/sandros-fahrschule.ch\/it\/wp-json\/wp\/v2\/pages\/198\/revisions\/328"}],"wp:attachment":[{"href":"https:\/\/sandros-fahrschule.ch\/it\/wp-json\/wp\/v2\/media?parent=198"}],"curies":[{"name":"wp","href":"https:\/\/api.w.org\/{rel}","templated":true}]}}