{"id":250,"date":"2025-10-16T08:10:04","date_gmt":"2025-10-16T06:10:04","guid":{"rendered":"https:\/\/demo.enkeimedia.ch\/sandros-fahrschule\/?page_id=250"},"modified":"2025-11-05T11:11:15","modified_gmt":"2025-11-05T10:11:15","slug":"vku","status":"publish","type":"page","link":"https:\/\/sandros-fahrschule.ch\/it\/vku\/","title":{"rendered":"VKU"},"content":{"rendered":"\t\t<div data-elementor-type=\"wp-page\" data-elementor-id=\"250\" class=\"elementor elementor-250\">\n\t\t\t\t<div class=\"elementor-element elementor-element-d40443b e-flex e-con-boxed e-con e-parent\" data-id=\"d40443b\" data-element_type=\"container\" data-e-type=\"container\" data-settings=\"{&quot;background_background&quot;:&quot;slideshow&quot;,&quot;background_slideshow_gallery&quot;:[{&quot;id&quot;:263,&quot;url&quot;:&quot;https:\\\/\\\/demo.enkeimedia.ch\\\/sandros-fahrschule\\\/wp-content\\\/uploads\\\/2025\\\/10\\\/AdobeStock_482584206-2880w.jpg&quot;}],&quot;background_slideshow_loop&quot;:&quot;yes&quot;,&quot;background_slideshow_slide_duration&quot;:5000,&quot;background_slideshow_slide_transition&quot;:&quot;fade&quot;,&quot;background_slideshow_transition_duration&quot;:500}\">\n\t\t\t\t\t<div class=\"e-con-inner\">\n\t\t<div class=\"elementor-element elementor-element-42c1437 e-con-full e-flex e-con e-child\" data-id=\"42c1437\" data-element_type=\"container\" data-e-type=\"container\">\n\t\t<div class=\"elementor-element elementor-element-99dfe36 e-con-full e-flex e-con e-child\" data-id=\"99dfe36\" data-element_type=\"container\" data-e-type=\"container\">\n\t\t\t\t<div class=\"elementor-element elementor-element-c729ed3 elementor-widget elementor-widget-heading\" data-id=\"c729ed3\" data-element_type=\"widget\" data-e-type=\"widget\" data-widget_type=\"heading.default\">\n\t\t\t\t<div class=\"elementor-widget-container\">\n\t\t\t\t\t<h2 class=\"elementor-heading-title elementor-size-default\">Verkehrskundeunterricht (VKU)<\/h2>\t\t\t\t<\/div>\n\t\t\t\t<\/div>\n\t\t\t\t<div class=\"elementor-element elementor-element-a61dd4c elementor-widget elementor-widget-heading\" data-id=\"a61dd4c\" data-element_type=\"widget\" data-e-type=\"widget\" data-widget_type=\"heading.default\">\n\t\t\t\t<div class=\"elementor-widget-container\">\n\t\t\t\t\t<h2 class=\"elementor-heading-title elementor-size-default\">Bereit f\u00fcr mehr Sicherheit im Strassenverkehr?<br>Melde dich jetzt an und sichere dir deinen Platz!<\/h2>\t\t\t\t<\/div>\n\t\t\t\t<\/div>\n\t\t\t\t<\/div>\n\t\t\t\t<\/div>\n\t\t\t\t\t<\/div>\n\t\t\t\t<\/div>\n\t\t<div class=\"elementor-element elementor-element-99a72ce e-flex e-con-boxed e-con e-parent\" data-id=\"99a72ce\" data-element_type=\"container\" data-e-type=\"container\">\n\t\t\t\t\t<div class=\"e-con-inner\">\n\t\t<div class=\"elementor-element elementor-element-f96273a e-con-full e-flex e-con e-child\" data-id=\"f96273a\" data-element_type=\"container\" data-e-type=\"container\">\n\t\t\t\t<div class=\"elementor-element elementor-element-f37fd33 elementor-widget elementor-widget-image\" data-id=\"f37fd33\" data-element_type=\"widget\" data-e-type=\"widget\" data-widget_type=\"image.default\">\n\t\t\t\t<div class=\"elementor-widget-container\">\n\t\t\t\t\t\t\t\t\t\t\t\t\t\t\t<img fetchpriority=\"high\" decoding=\"async\" width=\"585\" height=\"396\" src=\"https:\/\/sandros-fahrschule.ch\/wp-content\/uploads\/2025\/10\/AdobeStock_163693633-1920w.jpg\" class=\"attachment-full size-full wp-image-264\" alt=\"\" srcset=\"https:\/\/sandros-fahrschule.ch\/wp-content\/uploads\/2025\/10\/AdobeStock_163693633-1920w.jpg 585w, https:\/\/sandros-fahrschule.ch\/wp-content\/uploads\/2025\/10\/AdobeStock_163693633-1920w-300x203.jpg 300w, https:\/\/sandros-fahrschule.ch\/wp-content\/uploads\/2025\/10\/AdobeStock_163693633-1920w-18x12.jpg 18w\" sizes=\"(max-width: 585px) 100vw, 585px\" \/>\t\t\t\t\t\t\t\t\t\t\t\t\t\t\t<\/div>\n\t\t\t\t<\/div>\n\t\t\t\t<\/div>\n\t\t<div class=\"elementor-element elementor-element-71a72c0 e-con-full e-flex e-con e-child\" data-id=\"71a72c0\" data-element_type=\"container\" data-e-type=\"container\">\n\t\t\t\t<div class=\"elementor-element elementor-element-0ea4aae elementor-widget elementor-widget-heading\" data-id=\"0ea4aae\" data-element_type=\"widget\" data-e-type=\"widget\" data-widget_type=\"heading.default\">\n\t\t\t\t<div class=\"elementor-widget-container\">\n\t\t\t\t\t<h2 class=\"elementor-heading-title elementor-size-default\">VKU<\/h2>\t\t\t\t<\/div>\n\t\t\t\t<\/div>\n\t\t\t\t<div class=\"elementor-element elementor-element-eb0c586 elementor-widget elementor-widget-text-editor\" data-id=\"eb0c586\" data-element_type=\"widget\" data-e-type=\"widget\" data-widget_type=\"text-editor.default\">\n\t\t\t\t<div class=\"elementor-widget-container\">\n\t\t\t\t\t\t\t\t\t<div id=\"1156241430\" class=\"dmNewParagraph u_1156241430\" data-element-type=\"paragraph\" data-version=\"5\">Nur mit einem g\u00fcltigen Lernfahrausweis kannst du den obligatorischen Verkehrsunterricht auch besuchen. Dieser theoretische Kurs ist auch die Voraussetzung f\u00fcr die praktische F\u00fchrerscheinpr\u00fcfung.<\/div>\t\t\t\t\t\t\t\t<\/div>\n\t\t\t\t<\/div>\n\t\t\t\t<\/div>\n\t\t\t\t\t<\/div>\n\t\t\t\t<\/div>\n\t\t<div class=\"elementor-element elementor-element-d635e91 e-flex e-con-boxed e-con e-parent\" data-id=\"d635e91\" data-element_type=\"container\" data-e-type=\"container\" data-settings=\"{&quot;background_background&quot;:&quot;classic&quot;}\">\n\t\t\t\t\t<div class=\"e-con-inner\">\n\t\t<div class=\"elementor-element elementor-element-06be0c7 e-con-full e-flex e-con e-child\" data-id=\"06be0c7\" data-element_type=\"container\" data-e-type=\"container\">\n\t\t\t\t<div class=\"elementor-element elementor-element-b771d39 elementor-widget elementor-widget-heading\" data-id=\"b771d39\" data-element_type=\"widget\" data-e-type=\"widget\" data-widget_type=\"heading.default\">\n\t\t\t\t<div class=\"elementor-widget-container\">\n\t\t\t\t\t<h2 class=\"elementor-heading-title elementor-size-default\">Verkehrskundeunterricht f\u00fcr deine Sicherheit \u2013 Melde dich noch heute an!<\/h2>\t\t\t\t<\/div>\n\t\t\t\t<\/div>\n\t\t\t\t<div class=\"elementor-element elementor-element-efa79e6 elementor-widget elementor-widget-text-editor\" data-id=\"efa79e6\" data-element_type=\"widget\" data-e-type=\"widget\" data-widget_type=\"text-editor.default\">\n\t\t\t\t<div class=\"elementor-widget-container\">\n\t\t\t\t\t\t\t\t\t<p>Ich bin \u00fcber WhatsApp, telefonisch, per Mail oder \u00fcbers Kontaktformular f\u00fcr dich da.<\/p>\t\t\t\t\t\t\t\t<\/div>\n\t\t\t\t<\/div>\n\t\t\t\t<\/div>\n\t\t\t\t\t<\/div>\n\t\t\t\t<\/div>\n\t\t\t\t<\/div>\n\t\t","protected":false},"excerpt":{"rendered":"<p>Verkehrskundeunterricht (VKU) Bereit f\u00fcr mehr Sicherheit im Strassenverkehr?Melde dich jetzt an und sichere dir deinen Platz! VKU Nur mit einem g\u00fcltigen Lernfahrausweis kannst du den obligatorischen Verkehrsunterricht auch besuchen. Dieser theoretische Kurs ist auch die Voraussetzung f\u00fcr die praktische F\u00fchrerscheinpr\u00fcfung. Verkehrskundeunterricht f\u00fcr deine Sicherheit \u2013 Melde dich noch heute an! Ich bin \u00fcber WhatsApp, telefonisch, [&hellip;]<\/p>\n","protected":false},"author":1,"featured_media":0,"parent":0,"menu_order":0,"comment_status":"closed","ping_status":"closed","template":"elementor_header_footer","meta":{"footnotes":""},"class_list":["post-250","page","type-page","status-publish","hentry"],"_links":{"self":[{"href":"https:\/\/sandros-fahrschule.ch\/it\/wp-json\/wp\/v2\/pages\/250","targetHints":{"allow":["GET"]}}],"collection":[{"href":"https:\/\/sandros-fahrschule.ch\/it\/wp-json\/wp\/v2\/pages"}],"about":[{"href":"https:\/\/sandros-fahrschule.ch\/it\/wp-json\/wp\/v2\/types\/page"}],"author":[{"embeddable":true,"href":"https:\/\/sandros-fahrschule.ch\/it\/wp-json\/wp\/v2\/users\/1"}],"replies":[{"embeddable":true,"href":"https:\/\/sandros-fahrschule.ch\/it\/wp-json\/wp\/v2\/comments?post=250"}],"version-history":[{"count":25,"href":"https:\/\/sandros-fahrschule.ch\/it\/wp-json\/wp\/v2\/pages\/250\/revisions"}],"predecessor-version":[{"id":300,"href":"https:\/\/sandros-fahrschule.ch\/it\/wp-json\/wp\/v2\/pages\/250\/revisions\/300"}],"wp:attachment":[{"href":"https:\/\/sandros-fahrschule.ch\/it\/wp-json\/wp\/v2\/media?parent=250"}],"curies":[{"name":"wp","href":"https:\/\/api.w.org\/{rel}","templated":true}]}}