{"id":82,"date":"2025-07-01T12:41:26","date_gmt":"2025-07-01T10:41:26","guid":{"rendered":"https:\/\/demo.enkeimedia.ch\/sandros-fahrschule\/?page_id=82"},"modified":"2026-04-07T10:17:29","modified_gmt":"2026-04-07T08:17:29","slug":"startseite","status":"publish","type":"page","link":"https:\/\/sandros-fahrschule.ch\/it\/","title":{"rendered":"Casa"},"content":{"rendered":"\t\t<div data-elementor-type=\"wp-page\" data-elementor-id=\"82\" class=\"elementor elementor-82\">\n\t\t\t\t<div class=\"elementor-element elementor-element-d40443b e-flex e-con-boxed e-con e-parent\" data-id=\"d40443b\" data-element_type=\"container\" data-e-type=\"container\" data-settings=\"{&quot;background_background&quot;:&quot;slideshow&quot;,&quot;background_slideshow_gallery&quot;:[{&quot;id&quot;:76,&quot;url&quot;:&quot;https:\\\/\\\/demo.enkeimedia.ch\\\/sandros-fahrschule\\\/wp-content\\\/uploads\\\/2025\\\/07\\\/SandrosFahrschule-007-1920w.jpg&quot;}],&quot;background_slideshow_loop&quot;:&quot;yes&quot;,&quot;background_slideshow_slide_duration&quot;:5000,&quot;background_slideshow_slide_transition&quot;:&quot;fade&quot;,&quot;background_slideshow_transition_duration&quot;:500}\">\n\t\t\t\t\t<div class=\"e-con-inner\">\n\t\t<div class=\"elementor-element elementor-element-42c1437 e-con-full e-flex e-con e-child\" data-id=\"42c1437\" data-element_type=\"container\" data-e-type=\"container\">\n\t\t<div class=\"elementor-element elementor-element-99dfe36 e-con-full e-flex e-con e-child\" data-id=\"99dfe36\" data-element_type=\"container\" data-e-type=\"container\">\n\t\t\t\t<div class=\"elementor-element elementor-element-a61dd4c elementor-widget elementor-widget-heading\" data-id=\"a61dd4c\" data-element_type=\"widget\" data-e-type=\"widget\" data-widget_type=\"heading.default\">\n\t\t\t\t<div class=\"elementor-widget-container\">\n\t\t\t\t\t<h2 class=\"elementor-heading-title elementor-size-default\">Suchst du einen engagierten, geduldigen Fahrlehrer? Dann bist du bei mir genau richtig!<\/h2>\t\t\t\t<\/div>\n\t\t\t\t<\/div>\n\t\t\t\t<div class=\"elementor-element elementor-element-c729ed3 elementor-widget elementor-widget-heading\" data-id=\"c729ed3\" data-element_type=\"widget\" data-e-type=\"widget\" data-widget_type=\"heading.default\">\n\t\t\t\t<div class=\"elementor-widget-container\">\n\t\t\t\t\t<h2 class=\"elementor-heading-title elementor-size-default\">Deine Fahrschule von Sargans bis Oberriet und im F\u00fcrstentum Liechtenstein<\/h2>\t\t\t\t<\/div>\n\t\t\t\t<\/div>\n\t\t\t\t<div class=\"elementor-element elementor-element-5f914ca e-transform elementor-widget elementor-widget-jkit_button\" data-id=\"5f914ca\" data-element_type=\"widget\" data-e-type=\"widget\" data-settings=\"{&quot;_transform_translateY_effect_hover&quot;:{&quot;unit&quot;:&quot;px&quot;,&quot;size&quot;:&quot;-5&quot;,&quot;sizes&quot;:[]},&quot;_transform_translateX_effect_hover&quot;:{&quot;unit&quot;:&quot;px&quot;,&quot;size&quot;:&quot;&quot;,&quot;sizes&quot;:[]},&quot;_transform_translateX_effect_hover_tablet&quot;:{&quot;unit&quot;:&quot;px&quot;,&quot;size&quot;:&quot;&quot;,&quot;sizes&quot;:[]},&quot;_transform_translateX_effect_hover_mobile&quot;:{&quot;unit&quot;:&quot;px&quot;,&quot;size&quot;:&quot;&quot;,&quot;sizes&quot;:[]},&quot;_transform_translateY_effect_hover_tablet&quot;:{&quot;unit&quot;:&quot;px&quot;,&quot;size&quot;:&quot;&quot;,&quot;sizes&quot;:[]},&quot;_transform_translateY_effect_hover_mobile&quot;:{&quot;unit&quot;:&quot;px&quot;,&quot;size&quot;:&quot;&quot;,&quot;sizes&quot;:[]}}\" data-widget_type=\"jkit_button.default\">\n\t\t\t\t<div class=\"elementor-widget-container\">\n\t\t\t\t\t<div  class=\"jeg-elementor-kit jkit-button  icon-position-after jeg_module___6a04fadae2eab\" ><a href=\"https:\/\/www.sandros-fahrschule.ch\/kontakt\" class=\"jkit-button-wrapper\">Termin vereinbaren<svg viewBox=\"0 0 512 512\" xmlns=\"http:\/\/www.w3.org\/2000\/svg\"><path d=\"M256 8c137 0 248 111 248 248S393 504 256 504 8 393 8 256 119 8 256 8zM140 300h116v70.9c0 10.7 13 16.1 20.5 8.5l114.3-114.9c4.7-4.7 4.7-12.2 0-16.9l-114.3-115c-7.6-7.6-20.5-2.2-20.5 8.5V212H140c-6.6 0-12 5.4-12 12v64c0 6.6 5.4 12 12 12z\"><\/path><\/svg><\/a><\/div>\t\t\t\t<\/div>\n\t\t\t\t<\/div>\n\t\t\t\t<\/div>\n\t\t\t\t<\/div>\n\t\t\t\t\t<\/div>\n\t\t\t\t<\/div>\n\t\t<div class=\"elementor-element elementor-element-99a72ce e-flex e-con-boxed e-con e-parent\" data-id=\"99a72ce\" data-element_type=\"container\" data-e-type=\"container\">\n\t\t\t\t\t<div class=\"e-con-inner\">\n\t\t<div class=\"elementor-element elementor-element-71a72c0 e-con-full e-flex e-con e-child\" data-id=\"71a72c0\" data-element_type=\"container\" data-e-type=\"container\">\n\t\t\t\t<div class=\"elementor-element elementor-element-b450fe5 elementor-widget elementor-widget-heading\" data-id=\"b450fe5\" data-element_type=\"widget\" data-e-type=\"widget\" data-widget_type=\"heading.default\">\n\t\t\t\t<div class=\"elementor-widget-container\">\n\t\t\t\t\t<h2 class=\"elementor-heading-title elementor-size-default\">Ich freue mich dich auf deinem Weg zum Fahrausweis begleiten zu d\u00fcrfen.<\/h2>\t\t\t\t<\/div>\n\t\t\t\t<\/div>\n\t\t\t\t<div class=\"elementor-element elementor-element-0ea4aae elementor-widget elementor-widget-heading\" data-id=\"0ea4aae\" data-element_type=\"widget\" data-e-type=\"widget\" data-widget_type=\"heading.default\">\n\t\t\t\t<div class=\"elementor-widget-container\">\n\t\t\t\t\t<h2 class=\"elementor-heading-title elementor-size-default\">Herzlich willkommen auf meiner Webseite<\/h2>\t\t\t\t<\/div>\n\t\t\t\t<\/div>\n\t\t\t\t<div class=\"elementor-element elementor-element-eb0c586 elementor-widget elementor-widget-text-editor\" data-id=\"eb0c586\" data-element_type=\"widget\" data-e-type=\"widget\" data-widget_type=\"text-editor.default\">\n\t\t\t\t<div class=\"elementor-widget-container\">\n\t\t\t\t\t\t\t\t\t<div id=\"1156241430\" class=\"dmNewParagraph u_1156241430\" data-element-type=\"paragraph\" data-version=\"5\"><p>Ich heisse Sandro Ceravolo und bin ein junger, motivierter Fahrlehrer. Mir ist es wichtig, dich optimal f\u00fcr den Fahrausweis der Kategorie B oder BE vorzubereiten.<\/p><p>Gerne erteile ich die Fahrstunden neben Deutsch auch auf Italienisch oder Englisch.<\/p><\/div>\t\t\t\t\t\t\t\t<\/div>\n\t\t\t\t<\/div>\n\t\t\t\t<div class=\"elementor-element elementor-element-0bc1f6e e-transform elementor-widget elementor-widget-jkit_button\" data-id=\"0bc1f6e\" data-element_type=\"widget\" data-e-type=\"widget\" data-settings=\"{&quot;_transform_translateY_effect_hover&quot;:{&quot;unit&quot;:&quot;px&quot;,&quot;size&quot;:&quot;-5&quot;,&quot;sizes&quot;:[]},&quot;_transform_translateX_effect_hover&quot;:{&quot;unit&quot;:&quot;px&quot;,&quot;size&quot;:&quot;&quot;,&quot;sizes&quot;:[]},&quot;_transform_translateX_effect_hover_tablet&quot;:{&quot;unit&quot;:&quot;px&quot;,&quot;size&quot;:&quot;&quot;,&quot;sizes&quot;:[]},&quot;_transform_translateX_effect_hover_mobile&quot;:{&quot;unit&quot;:&quot;px&quot;,&quot;size&quot;:&quot;&quot;,&quot;sizes&quot;:[]},&quot;_transform_translateY_effect_hover_tablet&quot;:{&quot;unit&quot;:&quot;px&quot;,&quot;size&quot;:&quot;&quot;,&quot;sizes&quot;:[]},&quot;_transform_translateY_effect_hover_mobile&quot;:{&quot;unit&quot;:&quot;px&quot;,&quot;size&quot;:&quot;&quot;,&quot;sizes&quot;:[]}}\" data-widget_type=\"jkit_button.default\">\n\t\t\t\t<div class=\"elementor-widget-container\">\n\t\t\t\t\t<div  class=\"jeg-elementor-kit jkit-button  icon-position-after jeg_module__1_6a04fadae7a2c\" ><a href=\"https:\/\/sandros-fahrschule.ch\/ueber-mich\" class=\"jkit-button-wrapper\">\u00dcber mich<svg viewBox=\"0 0 512 512\" xmlns=\"http:\/\/www.w3.org\/2000\/svg\"><path d=\"M256 8c137 0 248 111 248 248S393 504 256 504 8 393 8 256 119 8 256 8zM140 300h116v70.9c0 10.7 13 16.1 20.5 8.5l114.3-114.9c4.7-4.7 4.7-12.2 0-16.9l-114.3-115c-7.6-7.6-20.5-2.2-20.5 8.5V212H140c-6.6 0-12 5.4-12 12v64c0 6.6 5.4 12 12 12z\"><\/path><\/svg><\/a><\/div>\t\t\t\t<\/div>\n\t\t\t\t<\/div>\n\t\t\t\t<\/div>\n\t\t<div class=\"elementor-element elementor-element-f96273a e-con-full e-flex e-con e-child\" data-id=\"f96273a\" data-element_type=\"container\" data-e-type=\"container\">\n\t\t\t\t<div class=\"elementor-element elementor-element-f37fd33 elementor-widget elementor-widget-image\" data-id=\"f37fd33\" data-element_type=\"widget\" data-e-type=\"widget\" data-widget_type=\"image.default\">\n\t\t\t\t<div class=\"elementor-widget-container\">\n\t\t\t\t\t\t\t\t\t\t\t\t\t\t\t<img fetchpriority=\"high\" decoding=\"async\" width=\"700\" height=\"467\" src=\"https:\/\/sandros-fahrschule.ch\/wp-content\/uploads\/2026\/04\/sandros-fahrschule-auto.png\" class=\"attachment-full size-full wp-image-398\" alt=\"\" srcset=\"https:\/\/sandros-fahrschule.ch\/wp-content\/uploads\/2026\/04\/sandros-fahrschule-auto.png 700w, https:\/\/sandros-fahrschule.ch\/wp-content\/uploads\/2026\/04\/sandros-fahrschule-auto-300x200.png 300w, https:\/\/sandros-fahrschule.ch\/wp-content\/uploads\/2026\/04\/sandros-fahrschule-auto-18x12.png 18w\" sizes=\"(max-width: 700px) 100vw, 700px\" \/>\t\t\t\t\t\t\t\t\t\t\t\t\t\t\t<\/div>\n\t\t\t\t<\/div>\n\t\t\t\t<\/div>\n\t\t\t\t\t<\/div>\n\t\t\t\t<\/div>\n\t\t<div class=\"elementor-element elementor-element-b424bf0 e-flex e-con-boxed e-con e-parent\" data-id=\"b424bf0\" data-element_type=\"container\" data-e-type=\"container\" data-settings=\"{&quot;background_background&quot;:&quot;classic&quot;}\">\n\t\t\t\t\t<div class=\"e-con-inner\">\n\t\t\t\t<div class=\"elementor-element elementor-element-f2d00d7 elementor-widget elementor-widget-heading\" data-id=\"f2d00d7\" data-element_type=\"widget\" data-e-type=\"widget\" data-widget_type=\"heading.default\">\n\t\t\t\t<div class=\"elementor-widget-container\">\n\t\t\t\t\t<h2 class=\"elementor-heading-title elementor-size-default\">Folge Sandros Fahrschule auf Instagram<\/h2>\t\t\t\t<\/div>\n\t\t\t\t<\/div>\n\t\t\t\t<div class=\"elementor-element elementor-element-00e4208 elementor-widget elementor-widget-sbi-widget\" data-id=\"00e4208\" data-element_type=\"widget\" data-e-type=\"widget\" data-widget_type=\"sbi-widget.default\">\n\t\t\t\t<div class=\"elementor-widget-container\">\n\t\t\t\t\t\n<div id=\"sb_instagram\"  class=\"sbi sbi_mob_col_1 sbi_tab_col_2 sbi_col_2 sbi_width_resp\" style=\"padding-bottom: 10px;\"\t data-feedid=\"*2\"  data-res=\"auto\" data-cols=\"2\" data-colsmobile=\"1\" data-colstablet=\"2\" data-num=\"2\" data-nummobile=\"2\" data-item-padding=\"5\"\t data-shortcode-atts=\"{&quot;feed&quot;:&quot;2&quot;}\"  data-postid=\"82\" data-locatornonce=\"328c0d6f29\" data-imageaspectratio=\"1:1\" data-sbi-flags=\"favorLocal\">\n\t\n\t<div id=\"sbi_images\"  style=\"gap: 10px;\">\n\t\t<div class=\"sbi_item sbi_type_image sbi_new sbi_transition\"\n\tid=\"sbi_17859763905543448\" data-date=\"1772086164\">\n\t<div class=\"sbi_photo_wrap\">\n\t\t<a class=\"sbi_photo\" href=\"https:\/\/www.instagram.com\/p\/DVNeWkiiD9_\/\" target=\"_blank\" rel=\"noopener nofollow\"\n\t\t\tdata-full-res=\"https:\/\/scontent-zrh1-1.cdninstagram.com\/v\/t51.82787-15\/641870300_18088505906324361_366260609638542499_n.webp?stp=dst-jpg_e35_tt6&#038;_nc_cat=105&#038;ccb=7-5&#038;_nc_sid=18de74&#038;efg=eyJlZmdfdGFnIjoiRkVFRC5iZXN0X2ltYWdlX3VybGdlbi5DMyJ9&#038;_nc_ohc=-ozz-bR4yuMQ7kNvwGCgUQ5&#038;_nc_oc=Adq3nERCSZjGwaUpS9pYC1itoKRIBDR56owetX6qzlCjzkniwElqCgWtQ_EcjTFFhW0&#038;_nc_zt=23&#038;_nc_ht=scontent-zrh1-1.cdninstagram.com&#038;edm=ANo9K5cEAAAA&#038;_nc_gid=58kpDRfpoSzJQEJifULrDg&#038;_nc_tpa=Q5bMBQGuZRKzdIe5uzzQWWzHNlN5p4aOCpEdOvBiLMFAsuhH4cCfVdyphg5SZJsKAWQK2ARR7nJdeiseDQ&#038;oh=00_Af6CfC8xCqG22gcIw18pRwLL1qU97FjEbaws2gpSmxHxGg&#038;oe=6A0A3964\"\n\t\t\tdata-img-src-set=\"{&quot;d&quot;:&quot;https:\\\/\\\/scontent-zrh1-1.cdninstagram.com\\\/v\\\/t51.82787-15\\\/641870300_18088505906324361_366260609638542499_n.webp?stp=dst-jpg_e35_tt6&amp;_nc_cat=105&amp;ccb=7-5&amp;_nc_sid=18de74&amp;efg=eyJlZmdfdGFnIjoiRkVFRC5iZXN0X2ltYWdlX3VybGdlbi5DMyJ9&amp;_nc_ohc=-ozz-bR4yuMQ7kNvwGCgUQ5&amp;_nc_oc=Adq3nERCSZjGwaUpS9pYC1itoKRIBDR56owetX6qzlCjzkniwElqCgWtQ_EcjTFFhW0&amp;_nc_zt=23&amp;_nc_ht=scontent-zrh1-1.cdninstagram.com&amp;edm=ANo9K5cEAAAA&amp;_nc_gid=58kpDRfpoSzJQEJifULrDg&amp;_nc_tpa=Q5bMBQGuZRKzdIe5uzzQWWzHNlN5p4aOCpEdOvBiLMFAsuhH4cCfVdyphg5SZJsKAWQK2ARR7nJdeiseDQ&amp;oh=00_Af6CfC8xCqG22gcIw18pRwLL1qU97FjEbaws2gpSmxHxGg&amp;oe=6A0A3964&quot;,&quot;150&quot;:&quot;https:\\\/\\\/scontent-zrh1-1.cdninstagram.com\\\/v\\\/t51.82787-15\\\/641870300_18088505906324361_366260609638542499_n.webp?stp=dst-jpg_e35_tt6&amp;_nc_cat=105&amp;ccb=7-5&amp;_nc_sid=18de74&amp;efg=eyJlZmdfdGFnIjoiRkVFRC5iZXN0X2ltYWdlX3VybGdlbi5DMyJ9&amp;_nc_ohc=-ozz-bR4yuMQ7kNvwGCgUQ5&amp;_nc_oc=Adq3nERCSZjGwaUpS9pYC1itoKRIBDR56owetX6qzlCjzkniwElqCgWtQ_EcjTFFhW0&amp;_nc_zt=23&amp;_nc_ht=scontent-zrh1-1.cdninstagram.com&amp;edm=ANo9K5cEAAAA&amp;_nc_gid=58kpDRfpoSzJQEJifULrDg&amp;_nc_tpa=Q5bMBQGuZRKzdIe5uzzQWWzHNlN5p4aOCpEdOvBiLMFAsuhH4cCfVdyphg5SZJsKAWQK2ARR7nJdeiseDQ&amp;oh=00_Af6CfC8xCqG22gcIw18pRwLL1qU97FjEbaws2gpSmxHxGg&amp;oe=6A0A3964&quot;,&quot;320&quot;:&quot;https:\\\/\\\/scontent-zrh1-1.cdninstagram.com\\\/v\\\/t51.82787-15\\\/641870300_18088505906324361_366260609638542499_n.webp?stp=dst-jpg_e35_tt6&amp;_nc_cat=105&amp;ccb=7-5&amp;_nc_sid=18de74&amp;efg=eyJlZmdfdGFnIjoiRkVFRC5iZXN0X2ltYWdlX3VybGdlbi5DMyJ9&amp;_nc_ohc=-ozz-bR4yuMQ7kNvwGCgUQ5&amp;_nc_oc=Adq3nERCSZjGwaUpS9pYC1itoKRIBDR56owetX6qzlCjzkniwElqCgWtQ_EcjTFFhW0&amp;_nc_zt=23&amp;_nc_ht=scontent-zrh1-1.cdninstagram.com&amp;edm=ANo9K5cEAAAA&amp;_nc_gid=58kpDRfpoSzJQEJifULrDg&amp;_nc_tpa=Q5bMBQGuZRKzdIe5uzzQWWzHNlN5p4aOCpEdOvBiLMFAsuhH4cCfVdyphg5SZJsKAWQK2ARR7nJdeiseDQ&amp;oh=00_Af6CfC8xCqG22gcIw18pRwLL1qU97FjEbaws2gpSmxHxGg&amp;oe=6A0A3964&quot;,&quot;640&quot;:&quot;https:\\\/\\\/scontent-zrh1-1.cdninstagram.com\\\/v\\\/t51.82787-15\\\/641870300_18088505906324361_366260609638542499_n.webp?stp=dst-jpg_e35_tt6&amp;_nc_cat=105&amp;ccb=7-5&amp;_nc_sid=18de74&amp;efg=eyJlZmdfdGFnIjoiRkVFRC5iZXN0X2ltYWdlX3VybGdlbi5DMyJ9&amp;_nc_ohc=-ozz-bR4yuMQ7kNvwGCgUQ5&amp;_nc_oc=Adq3nERCSZjGwaUpS9pYC1itoKRIBDR56owetX6qzlCjzkniwElqCgWtQ_EcjTFFhW0&amp;_nc_zt=23&amp;_nc_ht=scontent-zrh1-1.cdninstagram.com&amp;edm=ANo9K5cEAAAA&amp;_nc_gid=58kpDRfpoSzJQEJifULrDg&amp;_nc_tpa=Q5bMBQGuZRKzdIe5uzzQWWzHNlN5p4aOCpEdOvBiLMFAsuhH4cCfVdyphg5SZJsKAWQK2ARR7nJdeiseDQ&amp;oh=00_Af6CfC8xCqG22gcIw18pRwLL1qU97FjEbaws2gpSmxHxGg&amp;oe=6A0A3964&quot;}\">\n\t\t\t<span class=\"sbi-screenreader\">Post su Instagram 17859763905543448<\/span>\n\t\t\t\t\t\t\t\t\t<img decoding=\"async\" src=\"https:\/\/sandros-fahrschule.ch\/wp-content\/plugins\/instagram-feed\/img\/placeholder.png\" alt=\"Post su Instagram 17859763905543448\" aria-hidden=\"true\">\n\t\t<\/a>\n\t<\/div>\n<\/div><div class=\"sbi_item sbi_type_image sbi_new sbi_transition\"\n\tid=\"sbi_18077352551198711\" data-date=\"1768633937\">\n\t<div class=\"sbi_photo_wrap\">\n\t\t<a class=\"sbi_photo\" href=\"https:\/\/www.instagram.com\/p\/DTmlwtvCCWL\/\" target=\"_blank\" rel=\"noopener nofollow\"\n\t\t\tdata-full-res=\"https:\/\/scontent-zrh1-1.cdninstagram.com\/v\/t51.82787-15\/616615514_18084604268324361_7022363109448605195_n.webp?stp=dst-jpg_e35_tt6&#038;_nc_cat=110&#038;ccb=7-5&#038;_nc_sid=18de74&#038;efg=eyJlZmdfdGFnIjoiRkVFRC5iZXN0X2ltYWdlX3VybGdlbi5DMyJ9&#038;_nc_ohc=rpbrlvn2qVAQ7kNvwEC4vtk&#038;_nc_oc=Adpm92jd4nrw2nznBpc9UdHpi0eY3p_adudxLMTaIsZM4XmZh4XjF0h6aUKp2WjmBv8&#038;_nc_zt=23&#038;_nc_ht=scontent-zrh1-1.cdninstagram.com&#038;edm=ANo9K5cEAAAA&#038;_nc_gid=58kpDRfpoSzJQEJifULrDg&#038;_nc_tpa=Q5bMBQGOTiVYfQ28n0oi4snOvLlYJmn-eGQolSd1n4y1aBadbFYqOA_vfLo69ip_xxqu_Mb5YIag3RLW7Q&#038;oh=00_Af5pHsxl76yOtdfC8Qtp8waHjO0wEpAriWRoDolUeKJPJg&#038;oe=6A0A502E\"\n\t\t\tdata-img-src-set=\"{&quot;d&quot;:&quot;https:\\\/\\\/scontent-zrh1-1.cdninstagram.com\\\/v\\\/t51.82787-15\\\/616615514_18084604268324361_7022363109448605195_n.webp?stp=dst-jpg_e35_tt6&amp;_nc_cat=110&amp;ccb=7-5&amp;_nc_sid=18de74&amp;efg=eyJlZmdfdGFnIjoiRkVFRC5iZXN0X2ltYWdlX3VybGdlbi5DMyJ9&amp;_nc_ohc=rpbrlvn2qVAQ7kNvwEC4vtk&amp;_nc_oc=Adpm92jd4nrw2nznBpc9UdHpi0eY3p_adudxLMTaIsZM4XmZh4XjF0h6aUKp2WjmBv8&amp;_nc_zt=23&amp;_nc_ht=scontent-zrh1-1.cdninstagram.com&amp;edm=ANo9K5cEAAAA&amp;_nc_gid=58kpDRfpoSzJQEJifULrDg&amp;_nc_tpa=Q5bMBQGOTiVYfQ28n0oi4snOvLlYJmn-eGQolSd1n4y1aBadbFYqOA_vfLo69ip_xxqu_Mb5YIag3RLW7Q&amp;oh=00_Af5pHsxl76yOtdfC8Qtp8waHjO0wEpAriWRoDolUeKJPJg&amp;oe=6A0A502E&quot;,&quot;150&quot;:&quot;https:\\\/\\\/scontent-zrh1-1.cdninstagram.com\\\/v\\\/t51.82787-15\\\/616615514_18084604268324361_7022363109448605195_n.webp?stp=dst-jpg_e35_tt6&amp;_nc_cat=110&amp;ccb=7-5&amp;_nc_sid=18de74&amp;efg=eyJlZmdfdGFnIjoiRkVFRC5iZXN0X2ltYWdlX3VybGdlbi5DMyJ9&amp;_nc_ohc=rpbrlvn2qVAQ7kNvwEC4vtk&amp;_nc_oc=Adpm92jd4nrw2nznBpc9UdHpi0eY3p_adudxLMTaIsZM4XmZh4XjF0h6aUKp2WjmBv8&amp;_nc_zt=23&amp;_nc_ht=scontent-zrh1-1.cdninstagram.com&amp;edm=ANo9K5cEAAAA&amp;_nc_gid=58kpDRfpoSzJQEJifULrDg&amp;_nc_tpa=Q5bMBQGOTiVYfQ28n0oi4snOvLlYJmn-eGQolSd1n4y1aBadbFYqOA_vfLo69ip_xxqu_Mb5YIag3RLW7Q&amp;oh=00_Af5pHsxl76yOtdfC8Qtp8waHjO0wEpAriWRoDolUeKJPJg&amp;oe=6A0A502E&quot;,&quot;320&quot;:&quot;https:\\\/\\\/scontent-zrh1-1.cdninstagram.com\\\/v\\\/t51.82787-15\\\/616615514_18084604268324361_7022363109448605195_n.webp?stp=dst-jpg_e35_tt6&amp;_nc_cat=110&amp;ccb=7-5&amp;_nc_sid=18de74&amp;efg=eyJlZmdfdGFnIjoiRkVFRC5iZXN0X2ltYWdlX3VybGdlbi5DMyJ9&amp;_nc_ohc=rpbrlvn2qVAQ7kNvwEC4vtk&amp;_nc_oc=Adpm92jd4nrw2nznBpc9UdHpi0eY3p_adudxLMTaIsZM4XmZh4XjF0h6aUKp2WjmBv8&amp;_nc_zt=23&amp;_nc_ht=scontent-zrh1-1.cdninstagram.com&amp;edm=ANo9K5cEAAAA&amp;_nc_gid=58kpDRfpoSzJQEJifULrDg&amp;_nc_tpa=Q5bMBQGOTiVYfQ28n0oi4snOvLlYJmn-eGQolSd1n4y1aBadbFYqOA_vfLo69ip_xxqu_Mb5YIag3RLW7Q&amp;oh=00_Af5pHsxl76yOtdfC8Qtp8waHjO0wEpAriWRoDolUeKJPJg&amp;oe=6A0A502E&quot;,&quot;640&quot;:&quot;https:\\\/\\\/scontent-zrh1-1.cdninstagram.com\\\/v\\\/t51.82787-15\\\/616615514_18084604268324361_7022363109448605195_n.webp?stp=dst-jpg_e35_tt6&amp;_nc_cat=110&amp;ccb=7-5&amp;_nc_sid=18de74&amp;efg=eyJlZmdfdGFnIjoiRkVFRC5iZXN0X2ltYWdlX3VybGdlbi5DMyJ9&amp;_nc_ohc=rpbrlvn2qVAQ7kNvwEC4vtk&amp;_nc_oc=Adpm92jd4nrw2nznBpc9UdHpi0eY3p_adudxLMTaIsZM4XmZh4XjF0h6aUKp2WjmBv8&amp;_nc_zt=23&amp;_nc_ht=scontent-zrh1-1.cdninstagram.com&amp;edm=ANo9K5cEAAAA&amp;_nc_gid=58kpDRfpoSzJQEJifULrDg&amp;_nc_tpa=Q5bMBQGOTiVYfQ28n0oi4snOvLlYJmn-eGQolSd1n4y1aBadbFYqOA_vfLo69ip_xxqu_Mb5YIag3RLW7Q&amp;oh=00_Af5pHsxl76yOtdfC8Qtp8waHjO0wEpAriWRoDolUeKJPJg&amp;oe=6A0A502E&quot;}\">\n\t\t\t<span class=\"sbi-screenreader\">Post su Instagram 18077352551198711<\/span>\n\t\t\t\t\t\t\t\t\t<img decoding=\"async\" src=\"https:\/\/sandros-fahrschule.ch\/wp-content\/plugins\/instagram-feed\/img\/placeholder.png\" alt=\"Post su Instagram 18077352551198711\" aria-hidden=\"true\">\n\t\t<\/a>\n\t<\/div>\n<\/div>\t<\/div>\n\n\t<div id=\"sbi_load\" >\n\n\t\n\t\t\t<span class=\"sbi_follow_btn sbi_custom\" >\n\t\t\t<a target=\"_blank\"\n\t\t\t\trel=\"nofollow noopener\"  href=\"https:\/\/www.instagram.com\/sandros_fahrschule\/\" style=\"background: rgb(64,139,209);\">\n\t\t\t\t<svg class=\"svg-inline--fa fa-instagram fa-w-14\" aria-hidden=\"true\" data-fa-processed=\"\" aria-label=\"Instagram\" data-prefix=\"fab\" data-icon=\"instagram\" role=\"img\" viewBox=\"0 0 448 512\">\n                    <path fill=\"currentColor\" d=\"M224.1 141c-63.6 0-114.9 51.3-114.9 114.9s51.3 114.9 114.9 114.9S339 319.5 339 255.9 287.7 141 224.1 141zm0 189.6c-41.1 0-74.7-33.5-74.7-74.7s33.5-74.7 74.7-74.7 74.7 33.5 74.7 74.7-33.6 74.7-74.7 74.7zm146.4-194.3c0 14.9-12 26.8-26.8 26.8-14.9 0-26.8-12-26.8-26.8s12-26.8 26.8-26.8 26.8 12 26.8 26.8zm76.1 27.2c-1.7-35.9-9.9-67.7-36.2-93.9-26.2-26.2-58-34.4-93.9-36.2-37-2.1-147.9-2.1-184.9 0-35.8 1.7-67.6 9.9-93.9 36.1s-34.4 58-36.2 93.9c-2.1 37-2.1 147.9 0 184.9 1.7 35.9 9.9 67.7 36.2 93.9s58 34.4 93.9 36.2c37 2.1 147.9 2.1 184.9 0 35.9-1.7 67.7-9.9 93.9-36.2 26.2-26.2 34.4-58 36.2-93.9 2.1-37 2.1-147.8 0-184.8zM398.8 388c-7.8 19.6-22.9 34.7-42.6 42.6-29.5 11.7-99.5 9-132.1 9s-102.7 2.6-132.1-9c-19.6-7.8-34.7-22.9-42.6-42.6-11.7-29.5-9-99.5-9-132.1s-2.6-102.7 9-132.1c7.8-19.6 22.9-34.7 42.6-42.6 29.5-11.7 99.5-9 132.1-9s102.7-2.6 132.1 9c19.6 7.8 34.7 22.9 42.6 42.6 11.7 29.5 9 99.5 9 132.1s2.7 102.7-9 132.1z\"><\/path>\n                <\/svg>\t\t\t\t<span>Segui su Instagram<\/span>\n\t\t\t<\/a>\n\t\t<\/span>\n\t\n<\/div>\n\t\t<span class=\"sbi_resized_image_data\" data-feed-id=\"*2\"\n\t\t  data-resized=\"{&quot;18077352551198711&quot;:{&quot;id&quot;:&quot;616615514_18084604268324361_7022363109448605195_n&quot;,&quot;ratio&quot;:&quot;1.00&quot;,&quot;sizes&quot;:{&quot;full&quot;:640,&quot;low&quot;:320,&quot;thumb&quot;:150},&quot;extension&quot;:&quot;.webp&quot;},&quot;17859763905543448&quot;:{&quot;id&quot;:&quot;641870300_18088505906324361_366260609638542499_n&quot;,&quot;ratio&quot;:&quot;1.00&quot;,&quot;sizes&quot;:{&quot;full&quot;:640,&quot;low&quot;:320,&quot;thumb&quot;:150},&quot;extension&quot;:&quot;.webp&quot;}}\">\n\t<\/span>\n\t<\/div>\n\n\t\t\t\t<\/div>\n\t\t\t\t<\/div>\n\t\t\t\t\t<\/div>\n\t\t\t\t<\/div>\n\t\t<div class=\"elementor-element elementor-element-d635e91 e-flex e-con-boxed e-con e-parent\" data-id=\"d635e91\" data-element_type=\"container\" data-e-type=\"container\" data-settings=\"{&quot;background_background&quot;:&quot;classic&quot;}\">\n\t\t\t\t\t<div class=\"e-con-inner\">\n\t\t<div class=\"elementor-element elementor-element-06be0c7 e-con-full e-flex e-con e-child\" data-id=\"06be0c7\" data-element_type=\"container\" data-e-type=\"container\">\n\t\t\t\t<div class=\"elementor-element elementor-element-b771d39 elementor-widget elementor-widget-heading\" data-id=\"b771d39\" data-element_type=\"widget\" data-e-type=\"widget\" data-widget_type=\"heading.default\">\n\t\t\t\t<div class=\"elementor-widget-container\">\n\t\t\t\t\t<h2 class=\"elementor-heading-title elementor-size-default\">Stell mir gerne deine Fragen zur Fahrerlaubnis!\n<\/h2>\t\t\t\t<\/div>\n\t\t\t\t<\/div>\n\t\t\t\t<div class=\"elementor-element elementor-element-efa79e6 elementor-widget elementor-widget-text-editor\" data-id=\"efa79e6\" data-element_type=\"widget\" data-e-type=\"widget\" data-widget_type=\"text-editor.default\">\n\t\t\t\t<div class=\"elementor-widget-container\">\n\t\t\t\t\t\t\t\t\t<p>Ich bin \u00fcber WhatsApp, telefonisch, per Mail oder \u00fcbers Kontaktformular f\u00fcr dich da.<\/p>\t\t\t\t\t\t\t\t<\/div>\n\t\t\t\t<\/div>\n\t\t\t\t<div class=\"elementor-element elementor-element-8995b75 e-transform elementor-widget__width-auto elementor-widget elementor-widget-jkit_button\" data-id=\"8995b75\" data-element_type=\"widget\" data-e-type=\"widget\" data-settings=\"{&quot;_transform_translateY_effect_hover&quot;:{&quot;unit&quot;:&quot;px&quot;,&quot;size&quot;:&quot;-5&quot;,&quot;sizes&quot;:[]},&quot;_transform_translateX_effect_hover&quot;:{&quot;unit&quot;:&quot;px&quot;,&quot;size&quot;:&quot;&quot;,&quot;sizes&quot;:[]},&quot;_transform_translateX_effect_hover_tablet&quot;:{&quot;unit&quot;:&quot;px&quot;,&quot;size&quot;:&quot;&quot;,&quot;sizes&quot;:[]},&quot;_transform_translateX_effect_hover_mobile&quot;:{&quot;unit&quot;:&quot;px&quot;,&quot;size&quot;:&quot;&quot;,&quot;sizes&quot;:[]},&quot;_transform_translateY_effect_hover_tablet&quot;:{&quot;unit&quot;:&quot;px&quot;,&quot;size&quot;:&quot;&quot;,&quot;sizes&quot;:[]},&quot;_transform_translateY_effect_hover_mobile&quot;:{&quot;unit&quot;:&quot;px&quot;,&quot;size&quot;:&quot;&quot;,&quot;sizes&quot;:[]}}\" data-widget_type=\"jkit_button.default\">\n\t\t\t\t<div class=\"elementor-widget-container\">\n\t\t\t\t\t<div  class=\"jeg-elementor-kit jkit-button  icon-position-after jeg_module__2_6a04fadaf044a\" ><a href=\"https:\/\/www.sandros-fahrschule.ch\/kontakt\" class=\"jkit-button-wrapper\">Jetzt Kontaktieren<svg viewBox=\"0 0 512 512\" xmlns=\"http:\/\/www.w3.org\/2000\/svg\"><path d=\"M256 8c137 0 248 111 248 248S393 504 256 504 8 393 8 256 119 8 256 8zM140 300h116v70.9c0 10.7 13 16.1 20.5 8.5l114.3-114.9c4.7-4.7 4.7-12.2 0-16.9l-114.3-115c-7.6-7.6-20.5-2.2-20.5 8.5V212H140c-6.6 0-12 5.4-12 12v64c0 6.6 5.4 12 12 12z\"><\/path><\/svg><\/a><\/div>\t\t\t\t<\/div>\n\t\t\t\t<\/div>\n\t\t\t\t<\/div>\n\t\t\t\t\t<\/div>\n\t\t\t\t<\/div>\n\t\t\t\t<\/div>\n\t\t","protected":false},"excerpt":{"rendered":"<p>Suchst du einen engagierten, geduldigen Fahrlehrer? Dann bist du bei mir genau richtig! Deine Fahrschule von Sargans bis Oberriet und im F\u00fcrstentum Liechtenstein Termin vereinbaren Ich freue mich dich auf deinem Weg zum Fahrausweis begleiten zu d\u00fcrfen. Herzlich willkommen auf meiner Webseite Ich heisse Sandro Ceravolo und bin ein junger, motivierter Fahrlehrer. Mir ist es [&hellip;]<\/p>\n","protected":false},"author":1,"featured_media":0,"parent":0,"menu_order":0,"comment_status":"closed","ping_status":"closed","template":"elementor_header_footer","meta":{"footnotes":""},"class_list":["post-82","page","type-page","status-publish","hentry"],"_links":{"self":[{"href":"https:\/\/sandros-fahrschule.ch\/it\/wp-json\/wp\/v2\/pages\/82","targetHints":{"allow":["GET"]}}],"collection":[{"href":"https:\/\/sandros-fahrschule.ch\/it\/wp-json\/wp\/v2\/pages"}],"about":[{"href":"https:\/\/sandros-fahrschule.ch\/it\/wp-json\/wp\/v2\/types\/page"}],"author":[{"embeddable":true,"href":"https:\/\/sandros-fahrschule.ch\/it\/wp-json\/wp\/v2\/users\/1"}],"replies":[{"embeddable":true,"href":"https:\/\/sandros-fahrschule.ch\/it\/wp-json\/wp\/v2\/comments?post=82"}],"version-history":[{"count":65,"href":"https:\/\/sandros-fahrschule.ch\/it\/wp-json\/wp\/v2\/pages\/82\/revisions"}],"predecessor-version":[{"id":401,"href":"https:\/\/sandros-fahrschule.ch\/it\/wp-json\/wp\/v2\/pages\/82\/revisions\/401"}],"wp:attachment":[{"href":"https:\/\/sandros-fahrschule.ch\/it\/wp-json\/wp\/v2\/media?parent=82"}],"curies":[{"name":"wp","href":"https:\/\/api.w.org\/{rel}","templated":true}]}}